{"id":805,"date":"2026-04-19T11:21:38","date_gmt":"2026-04-19T09:21:38","guid":{"rendered":"https:\/\/nucleoviva.com\/?page_id=805"},"modified":"2026-04-19T12:49:36","modified_gmt":"2026-04-19T10:49:36","slug":"freunde","status":"publish","type":"page","link":"https:\/\/nucleoviva.com\/de\/freunde\/","title":{"rendered":"Freunde werben Freunde"},"content":{"rendered":"\n<h1 class=\"wp-block-heading\">Langlebigkeit &amp; Vitalit\u00e4t teilen und dazu gemeinsam profitieren: Freunde werben Freunde<\/h1>\n\n\n\n<div class=\"wp-block-uagb-buttons uagb-buttons__outer-wrap uagb-btn__default-btn uagb-btn-tablet__default-btn uagb-btn-mobile__default-btn uagb-block-b43fb8c1\"><div class=\"uagb-buttons__wrap uagb-buttons-layout-wrap \">\n<div class=\"wp-block-uagb-buttons-child uagb-buttons__outer-wrap uagb-block-a1b7b00c wp-block-button\"><div class=\"uagb-button__wrapper\"><a class=\"uagb-buttons-repeater wp-block-button__link\" aria-label=\"\" href=\"https:\/\/nucleoviva.com\/de\/partner\/\" rel=\"follow noopener\" target=\"_self\" role=\"button\"><div class=\"uagb-button__link\"><strong>Hier deinen pers\u00f6nlichen Link \/ Code generieren<\/strong><\/div><span class=\"uagb-button__icon uagb-button__icon-position-after\"><svg xmlns=\"https:\/\/www.w3.org\/2000\/svg\" viewBox=\"0 0 448 512\" aria-hidden=\"true\" focussable=\"false\"><path d=\"M438.6 278.6l-160 160C272.4 444.9 264.2 448 256 448s-16.38-3.125-22.62-9.375c-12.5-12.5-12.5-32.75 0-45.25L338.8 288H32C14.33 288 .0016 273.7 .0016 256S14.33 224 32 224h306.8l-105.4-105.4c-12.5-12.5-12.5-32.75 0-45.25s32.75-12.5 45.25 0l160 160C451.1 245.9 451.1 266.1 438.6 278.6z\"><\/path><\/svg><\/span><\/a><\/div><\/div>\n<\/div><\/div>\n\n\n\n<p>Wahre Langlebigkeit und wahres Wohlbefinden beginnen tief in der Zelle \u2013 und es wird noch sch\u00f6ner, wenn man es mit seinen Liebsten teilt. Begeistere deine Freunde und Familie f\u00fcr die wissenschaftlich fundierte Zellversorgung von NucleoViva und baue dir dabei ganz nebenbei ein attraktives Guthaben auf!<\/p>\n\n\n\n<p>Wir belohnen deine Treue nicht nur einmalig, sondern langfristig: F\u00fcr jede erfolgreiche Empfehlung erh\u00e4ltst du <strong>20% Provision<\/strong> auf die Erstbestellung deiner Freunde \u2013 und fantastische <strong>10% Provision auf jede weitere Bestellung<\/strong>, die sie in Zukunft bei uns aufgeben. Deine Freunde starten dank dir mit einem exklusiven <strong>20% Willkommensrabatt<\/strong> auf ihren ersten Einkauf in ihre neue Gesundheitsroutine.<\/p>\n\n\n\n<h3 class=\"wp-block-heading\">Der Ablauf ist transparent, fair und denkbar einfach. So funktioniert unser Programm in 4 Schritten:<\/h3>\n\n\n\n<p><strong>1. Pers\u00f6nlichen Link abholen<\/strong> <\/p>\n\n\n\n<p>Logge dich in dein NucleoViva-Konto ein und \u00f6ffne den Men\u00fcpunkt \u00abPartner\u00bb. Dort findest du deinen individuellen Empfehlungslink. Diesen kannst du ganz unkompliziert per WhatsApp, E-Mail, Instagram oder \u00fcber andere Kan\u00e4le mit deinen Kontakten teilen.<\/p>\n\n\n\n<p><strong>2. Zellgesundheit empfehlen<\/strong> <\/p>\n\n\n\n<p>Sende deinen Link an Freunde oder Familienmitglieder, die unsere SBN-Produkte noch nicht kennen. Dieses Programm gilt exklusiv f\u00fcr Neukunden, die bisher noch nicht bei NucleoViva bestellt haben.<\/p>\n\n\n\n<p><strong>3. Freunde starten durch (20% Rabatt)<\/strong><\/p>\n\n\n\n<p>Sobald deine Freunde \u00fcber deinen Link einkaufen, erhalten sie an der Kasse automatisch <strong>20% Rabatt auf ihre Erstbestellung<\/strong>. So profitieren sie direkt von deiner Empfehlung und k\u00f6nnen die Basis ihrer Zellgesundheit zum Vorteilspreis aufbauen!<\/p>\n\n\n\n<p><strong>4. Deine Belohnung<\/strong><\/p>\n\n\n\n<p><strong>Dauerhaft profitieren<\/strong>: Nachdem deine Freunde ihren ersten Einkauf erfolgreich abgeschlossen haben, bedanken wir uns bei dir! Du erh\u00e4ltst <strong>20% ihres Bestellwertes als Provision<\/strong> gutgeschrieben. Doch das ist erst der Anfang: F\u00fcr absolut jede weitere Bestellung, die dieser geworbene Freund in Zukunft bei uns aufgibt, erh\u00e4ltst du vollautomatisch <strong>10% Provision<\/strong>.<\/p>\n\n\n\n<p><strong>Gesundheit weiterzugeben lohnt sich jetzt dauerhaft:<\/strong> Du unterst\u00fctzt deine Freunde auf ihrem Weg zu Langlebigkeit mehr Vitalit\u00e4t und sicherst dir selbst fortlaufende Belohnungen, um deine eigene zellul\u00e4re Basis aufzuf\u00fcllen. Stell dir vor, du empfiehlst uns an mehrere Freunde weiter \u2013 so w\u00e4chst deine Provision mit jedem ihrer Eink\u00e4ufe kontinuierlich an!<\/p>\n\n\n\n<p>Startet jetzt und profitiert gemeinsam von echter Wissenschaft f\u00fcr eure Zellen.<\/p>\n\n\n\n<div class=\"wp-block-uagb-buttons uagb-buttons__outer-wrap uagb-btn__default-btn uagb-btn-tablet__default-btn uagb-btn-mobile__default-btn uagb-block-8ccfa6a9\"><div class=\"uagb-buttons__wrap uagb-buttons-layout-wrap \">\n<div class=\"wp-block-uagb-buttons-child uagb-buttons__outer-wrap uagb-block-d84b7ca7 wp-block-button\"><div class=\"uagb-button__wrapper\"><a class=\"uagb-buttons-repeater wp-block-button__link\" aria-label=\"\" href=\"https:\/\/nucleoviva.com\/de\/partner\/\" rel=\"follow noopener\" target=\"_self\" role=\"button\"><div class=\"uagb-button__link\"><strong>Hier deinen pers\u00f6nlichen Link \/ Code generieren<\/strong><\/div><span class=\"uagb-button__icon uagb-button__icon-position-after\"><svg xmlns=\"https:\/\/www.w3.org\/2000\/svg\" viewBox=\"0 0 448 512\" aria-hidden=\"true\" focussable=\"false\"><path d=\"M438.6 278.6l-160 160C272.4 444.9 264.2 448 256 448s-16.38-3.125-22.62-9.375c-12.5-12.5-12.5-32.75 0-45.25L338.8 288H32C14.33 288 .0016 273.7 .0016 256S14.33 224 32 224h306.8l-105.4-105.4c-12.5-12.5-12.5-32.75 0-45.25s32.75-12.5 45.25 0l160 160C451.1 245.9 451.1 266.1 438.6 278.6z\"><\/path><\/svg><\/span><\/a><\/div><\/div>\n<\/div><\/div>\n\n\n\n<p><strong>*Rechtlicher Hinweis:<\/strong> Der 20% Willkommensrabatt f\u00fcr Neukunden ist nicht mit anderen Rabattaktionen kumulierbar. Deine Provision wird nach dem erfolgreichen Kaufabschluss des geworbenen Kunden in deinem Kundenkonto gutgeschrieben. Pro Neukunde kann der Empfehlungslink f\u00fcr die Erstbestellung nur einmal angewendet werden.<\/p>\n\n\n\n<p><\/p>\n","protected":false},"excerpt":{"rendered":"<p>Langlebigkeit &amp; Vitalit\u00e4t teilen und dazu gemeinsam profitieren: Freunde werben Freunde Wahre Langlebigkeit und wahres Wohlbefinden beginnen tief in der Zelle \u2013 und es wird noch sch\u00f6ner, wenn man es mit seinen Liebsten teilt. Begeistere deine Freunde und Familie f\u00fcr die wissenschaftlich fundierte Zellversorgung von NucleoViva und baue dir dabei ganz nebenbei ein attraktives Guthaben [&hellip;]<\/p>\n","protected":false},"author":2,"featured_media":0,"parent":0,"menu_order":0,"comment_status":"closed","ping_status":"closed","template":"","meta":{"_uag_custom_page_level_css":"","footnotes":""},"class_list":["post-805","page","type-page","status-publish","hentry"],"blocksy_meta":{"has_hero_section":"disabled","styles_descriptor":{"styles":{"desktop":"","tablet":"","mobile":""},"google_fonts":[],"version":6}},"uagb_featured_image_src":{"full":false,"thumbnail":false,"medium":false,"medium_large":false,"large":false,"1536x1536":false,"2048x2048":false,"woocommerce_archive_thumbnail":false,"woocommerce_thumbnail":false,"woocommerce_single":false,"woocommerce_gallery_thumbnail":false},"uagb_author_info":{"display_name":"NucleoViva Redaktion","author_link":"https:\/\/nucleoviva.com\/de\/author\/nvcom_redaktion\/"},"uagb_comment_info":0,"uagb_excerpt":"Langlebigkeit &amp; Vitalit\u00e4t teilen und dazu gemeinsam profitieren: Freunde werben Freunde Wahre Langlebigkeit und wahres Wohlbefinden beginnen tief in der Zelle \u2013 und es wird noch sch\u00f6ner, wenn man es mit seinen Liebsten teilt. Begeistere deine Freunde und Familie f\u00fcr die wissenschaftlich fundierte Zellversorgung von NucleoViva und baue dir dabei ganz nebenbei ein attraktives Guthaben&hellip;","_links":{"self":[{"href":"https:\/\/nucleoviva.com\/de\/wp-json\/wp\/v2\/pages\/805","targetHints":{"allow":["GET"]}}],"collection":[{"href":"https:\/\/nucleoviva.com\/de\/wp-json\/wp\/v2\/pages"}],"about":[{"href":"https:\/\/nucleoviva.com\/de\/wp-json\/wp\/v2\/types\/page"}],"author":[{"embeddable":true,"href":"https:\/\/nucleoviva.com\/de\/wp-json\/wp\/v2\/users\/2"}],"replies":[{"embeddable":true,"href":"https:\/\/nucleoviva.com\/de\/wp-json\/wp\/v2\/comments?post=805"}],"version-history":[{"count":4,"href":"https:\/\/nucleoviva.com\/de\/wp-json\/wp\/v2\/pages\/805\/revisions"}],"predecessor-version":[{"id":811,"href":"https:\/\/nucleoviva.com\/de\/wp-json\/wp\/v2\/pages\/805\/revisions\/811"}],"wp:attachment":[{"href":"https:\/\/nucleoviva.com\/de\/wp-json\/wp\/v2\/media?parent=805"}],"curies":[{"name":"wp","href":"https:\/\/api.w.org\/{rel}","templated":true}]}}