{"id":759,"date":"2026-04-18T18:09:30","date_gmt":"2026-04-18T16:09:30","guid":{"rendered":"https:\/\/nucleoviva.com\/?page_id=759"},"modified":"2026-04-19T11:03:05","modified_gmt":"2026-04-19T09:03:05","slug":"wiederverkauf","status":"publish","type":"page","link":"https:\/\/nucleoviva.com\/de\/wiederverkauf\/","title":{"rendered":"Wiederverkauf\u00a0"},"content":{"rendered":"\n<h1 class=\"wp-block-heading\">Fachhandel, Praxen &amp; B2B-Partner \u2013 Wissenschaft, die Ihr Sortiment bereichert <\/h1>\n\n\n\n<p>Suchen Sie f\u00fcr Ihre Praxis, Ihre Apotheke, Ihr Longevity-Zentrum oder Ihren Premium-Onlineshop nach N\u00e4hrstoffkonzepten, die \u00fcber gew\u00f6hnliche Standard-Vitamine hinausgehen?<\/p>\n\n\n\n<p>Bei <strong>NucleoViva<\/strong> setzen wir auf das fundamentale Prinzip der Zellgesundheit \u2013 basierend auf \u00fcber 30 Jahren intensiver Nukleotid-Forschung. Wir suchen strategische B2B-Partner, die ihren Kunden und Patienten echte, wissenschaftlich fundierte Innovationen f\u00fcr ein gesundes Altern (Healthy Aging), strukturelle Integrit\u00e4t und ein ausbalanciertes Mikrobiom bieten m\u00f6chten.<\/p>\n\n\n\n<p>Eine Partnerschaft mit der FIRSTSWISSVENTURES AG bedeutet f\u00fcr Sie: Kompromisslose Schweizer Qualit\u00e4t und ein einzigartiges Produktportfolio (bioaktive Nukleotide &amp; Tripeptid-Kollagen), das sich deutlich vom ges\u00e4ttigten Massenmarkt abhebt. Wir pflegen Gesch\u00e4ftsbeziehungen auf Augenh\u00f6he \u2013 langfristig, transparent und fair.<\/p>\n\n\n\n<h2 class=\"wp-block-heading\">Ihre Vorteile als NucleoViva-Partner:<\/h2>\n\n\n\n<ul class=\"wp-block-list\">\n<li><strong>Einzigartiges Portfolio:<\/strong> Erweitern Sie Ihr Sortiment um echte, zellul\u00e4re Innovationen, die bei gesundheitsbewussten Kunden eine hohe Wiederkaufrate erzielen.<\/li>\n\n\n\n<li><strong>Attraktive Konditionen:<\/strong> Wir bieten faire, gestaffelte B2B-Margen, damit sich unsere Partnerschaft f\u00fcr Ihr Unternehmen nachhaltig und profitabel gestaltet.<\/li>\n\n\n\n<li><strong>Wissenschaftliches Backup:<\/strong> Wir lassen Sie beim Verkauf nicht allein. Sie profitieren von unserer Expertise und erhalten fundierte Hintergrundinformationen zu all unseren Wirkmechanismen.<\/li>\n\n\n\n<li><strong>Premium-Marketingmaterial:<\/strong> Sie erhalten von uns direkten Zugriff auf hochaufl\u00f6sendes Bildmaterial, rechtssichere Produkttexte und wissenschaftliche Factsheets f\u00fcr Ihre Werbung oder Ihren Shop.<\/li>\n\n\n\n<li><strong>Schweizer Zuverl\u00e4ssigkeit:<\/strong> Ein fester, pers\u00f6nlicher Ansprechpartner in unserem Team sorgt f\u00fcr kurze Kommunikationswege und eine jederzeit schnelle, unkomplizierte Bestellabwicklung.<\/li>\n<\/ul>\n\n\n\n<h2 class=\"wp-block-heading\">Werden Sie Teil unserer Mission<\/h2>\n\n\n\n<p>Damit wir pr\u00fcfen k\u00f6nnen, wie unsere Konzepte am besten zu Ihrem Unternehmen passen, und um Ihnen unsere exklusiven Fachhandelskonditionen freizuschalten, ben\u00f6tigen wir vorab ein paar kurze Informationen zu Ihrem Gesch\u00e4ftsmodell.<\/p>\n\n\n\n<p>Bitte f\u00fcllen Sie dazu das untenstehende Kontaktformular aus. Ihr pers\u00f6nlicher Ansprechpartner wird sich im Anschluss umgehend mit Ihnen in Verbindung setzen. Wir freuen uns auf die gemeinsame Zusammenarbeit!<\/p>\n\n\n\t\t\t<div class=\"srfm-form-container srfm-form-container-799 srfm-bg-color\">\n\t\t\t<style>\n\t\t\t\t\/* Need to check and remove the input variables related to the Style Tab. *\/\n\t\t\t\t.srfm-form-container-799 {\n\t\t\t\t\t\/* New test variables *\/\n\t\t\t\t\t--srfm-color-scheme-primary: var(--theme-palette-color-2, #55a630);\n\t\t\t\t\t--srfm-color-scheme-text-on-primary: #FFFFFF;\n\t\t\t\t\t--srfm-color-scheme-text: #1E1E1E;\n\t\t\t\t\t--srfm-quill-editor-color: var(--theme-palette-color-2, #55a630);\n\n\t\t\t\t\t--srfm-color-input-label: #1E1E1E;\n\t\t\t\t\t--srfm-color-input-description: hsl( from #1E1E1E h s l \/ 0.65 );\n\t\t\t\t\t--srfm-color-input-placeholder: hsl( from #1E1E1E h s l \/ 0.5 );\n\t\t\t\t\t--srfm-color-input-text: #1E1E1E;\n\t\t\t\t\t--srfm-color-input-prefix: hsl( from #1E1E1E h s l \/ 0.65 );\n\t\t\t\t\t--srfm-color-input-background: hsl( from #1E1E1E h s l \/ 0.02 );\n\t\t\t\t\t--srfm-color-input-background-hover: hsl( from #1E1E1E h s l \/ 0.05 );\n\t\t\t\t\t--srfm-color-input-background-disabled: hsl( from #1E1E1E h s l \/ 0.07 );\n\t\t\t\t\t--srfm-color-input-border: hsl( from #1E1E1E h s l \/ 0.25 );\n\t\t\t\t\t--srfm-color-input-border-disabled: hsl( from #1E1E1E h s l \/ 0.15 );\n\t\t\t\t\t--srfm-color-multi-choice-svg: hsl( from #1E1E1E h s l \/ 0.7 );\n\t\t\t\t\t--srfm-color-input-border-hover: hsl( from var(--theme-palette-color-2, #55a630) h s l \/ 0.65 );\n\t\t\t\t\t--srfm-color-input-border-focus-glow: hsl( from var(--theme-palette-color-2, #55a630) h s l \/ 0.15 );\n\t\t\t\t\t--srfm-color-input-selected: hsl( from var(--theme-palette-color-2, #55a630) h s l \/ 0.1 );\n\t\t\t\t\t--srfm-btn-color-hover: hsl( from var(--theme-palette-color-2, #55a630) h s l \/ 0.9 );\n\t\t\t\t\t--srfm-btn-color-disabled: hsl( from var(--theme-palette-color-2, #55a630) h s l \/ 0.25 );\n\n\t\t\t\t\t\/* Dropdown Variables *\/\n\t\t\t\t\t--srfm-dropdown-input-background-hover: hsl( from #1E1E1E h s l \/ 0.05 );\n\t\t\t\t\t--srfm-dropdown-option-background-hover: hsl( from #1E1E1E h s l \/ 0.10 );\n\t\t\t\t\t--srfm-dropdown-option-background-selected: hsl( from #1E1E1E h s l \/ 0.05 );\n\t\t\t\t\t--srfm-dropdown-option-selected-icon: hsl( from #1E1E1E h s l \/ 0.65 );\n\t\t\t\t\t--srfm-dropdown-option-text-color: hsl( from #1E1E1E h s l \/ 0.80 );\n\t\t\t\t\t--srfm-dropdown-option-selected-text: #1E1E1E;\n\t\t\t\t\t--srfm-dropdown-badge-background: hsl( from #1E1E1E h s l \/ 0.05 );\n\t\t\t\t\t--srfm-dropdown-badge-background-hover: hsl( from #1E1E1E h s l \/ 0.10 );\n\t\t\t\t\t--srfm-dropdown-menu-border-color: hsl( from #1E1E1E h s l \/ 0.10 );\n\t\t\t\t\t--srfm-dropdown-placeholder-color: hsl( from #1E1E1E h s l \/ 0.50 );\n\t\t\t\t\t--srfm-dropdown-icon-color: hsl( from #1E1E1E h s l \/ 0.65 );\n\t\t\t\t\t--srfm-dropdown-icon-disabled: hsl( from #1E1E1E h s l \/ 0.25 );\n\n\t\t\t\t\t\/* Background Control Variables *\/\n\t\t\t\t\t--srfm-instant-form-padding-top: 32px;--srfm-instant-form-padding-right: 32px;--srfm-instant-form-padding-bottom: 32px;--srfm-instant-form-padding-left: 32px;--srfm-instant-form-border-radius-top: 12px;--srfm-instant-form-border-radius-right: 12px;--srfm-instant-form-border-radius-bottom: 12px;--srfm-instant-form-border-radius-left: 12px;--srfm-form-padding-top: 0px;--srfm-form-padding-right: 0px;--srfm-form-padding-bottom: 0px;--srfm-form-padding-left: 0px;--srfm-form-border-radius-top: 0px;--srfm-form-border-radius-right: 0px;--srfm-form-border-radius-bottom: 0px;--srfm-form-border-radius-left: 0px;--srfm-bg-color: #ffffff;--srfm-bg-overlay-opacity: 1;\t\t\t\t\t--srfm-row-gap-between-blocks: 18px;--srfm-address-label-font-size: 16px;--srfm-address-label-line-height: 24px;--srfm-address-description-font-size: 14px;--srfm-address-description-line-height: 20px;--srfm-col-gap-between-fields: 16px;--srfm-row-gap-between-fields: 16px;--srfm-gap-below-address-label: 14px;--srfm-dropdown-font-size: 14px;--srfm-dropdown-gap-between-input-menu: 4px;--srfm-dropdown-badge-padding: 2px 6px;--srfm-dropdown-multiselect-font-size: 12px;--srfm-dropdown-multiselect-line-height: 16px;--srfm-dropdown-padding-right: 12px;--srfm-dropdown-padding-right-icon: calc( var( --srfm-dropdown-padding-right ) + 20px );--srfm-dropdown-multiselect-padding: 8px var( --srfm-dropdown-padding-right-icon ) 8px 8px;--srfm-input-height: 44px;--srfm-input-field-padding: 10px 12px;--srfm-input-field-font-size: 16px;--srfm-input-field-line-height: 24px;--srfm-input-field-margin-top: 6px;--srfm-input-field-margin-bottom: 6px;--srfm-checkbox-label-font-size: 16px;--srfm-checkbox-label-line-height: 24px;--srfm-checkbox-description-font-size: 14px;--srfm-checkbox-description-line-height: 20px;--srfm-check-ctn-width: 16px;--srfm-check-ctn-height: 16px;--srfm-check-svg-size: 10px;--srfm-checkbox-margin-top-frontend: 4px;--srfm-checkbox-margin-top-editor: 6px;--srfm-check-gap: 8px;--srfm-checkbox-description-margin-left: 24px;--srfm-flag-section-padding: 10px 0 10px 12px;--srfm-gap-between-icon-text: 8px;--srfm-label-font-size: 16px;--srfm-label-line-height: 24px;--srfm-description-font-size: 14px;--srfm-description-line-height: 20px;--srfm-btn-padding: 10px 14px;--srfm-btn-font-size: 16px;--srfm-btn-line-height: 24px;--srfm-multi-choice-horizontal-padding: 20px;--srfm-multi-choice-vertical-padding: 20px;--srfm-multi-choice-internal-option-gap: 8px;--srfm-multi-choice-vertical-svg-size: 40px;--srfm-multi-choice-horizontal-image-size: 24px;--srfm-multi-choice-vertical-image-size: 120px;--srfm-multi-choice-outer-padding: 2px;--srfm-upload-vertical-padding: 28px;--srfm-upload-inner-gap: 12px;--srfm-upload-text-line-height: 24px;--srfm-upload-file-margin-top: 16px;--srfm-upload-preview-size: 42px;--srfm-slider-label-font-size: 12px;--srfm-slider-label-line-height: 16px;--srfm-slider-label-top-padding: 8px;--srfm-slider-error-gap: 6px;--srfm-page-break-row-gap: 28px;--srfm-rating-icon-size: 28px;--srfm-rating-icon-gap: 6px;--srfm-datepicker-dropdown-input-gap: 4px;--srfm-login-row-gap: 14px;--srfm-signature-canvas-height: 140px;--srfm-signature-button-bottom: 14px;\t\t--srfm-page-break-back-btn-text-color: hsl( from #1E1E1E h s l \/ 0.80 );\n\t\t--srfm-page-break-back-btn-background: hsl( from #1E1E1E h s l \/ 0.05 );\n\t\t--srfm-page-break-unfilled-progress: hsl( from #1E1E1E h s l \/ 0.15 );\n\t\t--srfm-page-break-indicator-text-color: hsl( from #1E1E1E h s l \/ 0.50 );\n\t\t--srfm-page-break-connector-checked: hsl( from #1E1E1E h s l \/ 0.15 );\n\t\t--srfm-page-break-connector-pending: hsl( from #1E1E1E h s l \/ 0.25 );\n\t\t--srfm-page-break-connector-active: hsl( from var(--theme-palette-color-2, #55a630) h s l \/ 0.50 );\n\t\t--srfm-page-break-steps-unfilled: hsl( from #1E1E1E h s l \/ 0.50 );\n\t\t--srfm-page-break-steps-filled: hsl( from #1E1E1E h s l \/ 0.25 );\n\t\t--srfm-page-break-steps-progress: hsl( from #1E1E1E h s l \/ 0.15 );\n\t\t--srfm-page-break-steps-pending-text-color: hsl( from #1E1E1E h s l \/ 0.80 );\n\t\t--srfm-password-strength-weak: #DC2626;--srfm-password-strength-weak-border-glow: hsl( from var(--srfm-password-strength-weak) h s l \/ 0.15 );--srfm-password-strength-weak-border-color: hsl( from var(--srfm-password-strength-weak) h s l \/ 0.65 );--srfm-password-strength-medium: #D97706;--srfm-password-strength-medium-border-glow: hsl( from var(--srfm-password-strength-medium) h s l \/ 0.15 );--srfm-password-strength-medium-border-color: hsl( from var(--srfm-password-strength-medium) h s l \/ 0.65 );--srfm-password-strength-strong: #16A34A;--srfm-password-strength-strong-border-glow: hsl( from var(--srfm-password-strength-strong) h s l \/ 0.15 );--srfm-password-strength-strong-border-color: hsl( from var(--srfm-password-strength-strong) h s l \/ 0.65 );\t\t\t\t}\n\t\t\t<\/style>\n\t\t\t\t\t\t\t<form method=\"post\" enctype=\"multipart\/form-data\" id=\"srfm-form-799\" class=\"srfm-form \"\n\t\t\t\tform-id=\"799\" after-submission=\"hide form\" message-type=\"same page\" success-url=\"\" ajaxurl=\"https:\/\/nucleoviva.com\/wp-admin\/admin-ajax.php\" data-submit-token=\"e478082e49222d564a7384c025201a0419d10884e7e92489337cfe2acd27c07e\"\n\t\t\t\t>\n\t\t\t\t\n\t\t\t\t<input type=\"hidden\" value=\"799\" name=\"form-id\">\n\t\t\t\t<input type=\"hidden\" value=\"\" name=\"srfm-sender-email-field\" id=\"srfm-sender-email\">\n\t\t\t\t<input type=\"hidden\" value=\"\" id=\"srfm-page-break\">\n\t\t\t\t\t\t<p id=\"srfm-error-message\" class=\"srfm-common-error-message srfm-error-message srfm-head-error\" hidden>\t\t<span class=\"srfm-icon\" aria-hidden=\"true\">\n\t\t\t<svg xmlns='http:\/\/www.w3.org\/2000\/svg' width='20' height='20' fill='none'><path d='M9.99935 18.3327C14.6017 18.3327 18.3327 14.6017 18.3327 9.99935C18.3327 5.39698 14.6017 1.66602 9.99935 1.66602C5.39698 1.66602 1.66602 5.39698 1.66602 9.99935C1.66602 14.6017 5.39698 18.3327 9.99935 18.3327Z' stroke='currentColor' stroke-width='1.5' stroke-linecap='round' stroke-linejoin='round' \/><path d='M10 6.66602V9.99935' stroke='currentColor' stroke-width='1.5' stroke-linecap='round' stroke-linejoin='round' \/><path d='M10 13.334H10.0083' stroke='currentColor' stroke-width='1.5' stroke-linecap='round' stroke-linejoin='round' \/><\/svg>\t\t<\/span>\n\t\t<span class=\"srfm-error-content\">Beim Absenden Ihres Formulars ist ein Fehler aufgetreten. Bitte versuchen Sie es erneut.<\/span><\/p>\n\t\t\t\t\t<div data-block-id=\"89822a96\" class=\"srfm-block-single srfm-block srfm-input-block srf-input-89822a96-block  srfm-block-width-100 srfm-slug-dein-vollstandiger-name\" >\n\t\t\t\t\t\t\t\t<label id=\"srfm-label-89822a96-lbl-SWhyIHZvbGxzdMOkbmRpZ2VyIE5hbWU\" for=\"srfm-input-89822a96-lbl-SWhyIHZvbGxzdMOkbmRpZ2VyIE5hbWU\" class=\"srfm-block-label\">\n\t\t\t\t\t\tIhr vollst\u00e4ndiger Name\t\t\t\t\t\t\t\t\t\t\t\t\t<span class=\"srfm-required\" aria-hidden=\"true\"> *<\/span>\n\t\t\t\t\t\t\t\t\t\t\t<\/label>\n\t\t\t\t\t\t\t\t\t\t\t\t<div class=\"srfm-block-wrap\">\n\t\t\t\t<input class=\"srfm-input-common srfm-input-input\" type=\"text\" name=\"srfm-input-89822a96-lbl-SWhyIHZvbGxzdMOkbmRpZ2VyIE5hbWU-dein-vollstandiger-name\" id=\"srfm-input-89822a96-lbl-SWhyIHZvbGxzdMOkbmRpZ2VyIE5hbWU\"\n\t\t\t\t\taria-describedby='srfm-error-89822a96'\t\t\t\t\tdata-required=\"true\" aria-required=\"true\" data-unique=\"false\" maxlength=\"100\" value=\"\"  placeholder=\"Bitte geben Sie Ihren vollst\u00e4ndigen Namen ein\"  data-srfm-mask=\"none\"   \/>\n\t\t\t\t<\/div>\n\t\t\t\t<div class=\"srfm-error-wrap\">\n\t\t\t\t\t\t\t\t\t\t<div class=\"srfm-error-message\" data-srfm-id=\"srfm-error-89822a96\" data-error-msg=\"Dies ist ein Pflichtfeld. Bitte ausf\u00fcllen.\" data-unique-msg=\"Der Wert muss einzigartig sein.\">\n\t\t\t\t\t\tDies ist ein Pflichtfeld. Bitte ausf\u00fcllen.\t\t\t\t\t<\/div>\n\t\t\t\t\t\t\t\t\t<\/div>\n\t\t\t<\/div>\n\t\t\n\n\t\t\t<div data-block-id=\"8fb75340\" class=\"srfm-block-single srfm-block srfm-email-block srf-email-8fb75340-block  srfm-block-width-100 srfm-slug-deine-email-adresse srfm-email-block-wrap\">\n\t\t\t\t<div class=\"srfm-email-block srf-email-8fb75340-block\">\n\t\t\t\t\t\t\t\t\t\t<label id=\"srfm-label-8fb75340-lbl-SWhyZSBFbWFpbC1BZHJlc3Nl\" for=\"srfm-email-8fb75340-lbl-SWhyZSBFbWFpbC1BZHJlc3Nl\" class=\"srfm-block-label\">\n\t\t\t\t\t\tIhre Email-Adresse\t\t\t\t\t\t\t\t\t\t\t\t\t<span class=\"srfm-required\" aria-hidden=\"true\"> *<\/span>\n\t\t\t\t\t\t\t\t\t\t\t<\/label>\n\t\t\t\t\t\t\t\t\t\t\t\t\t\t\t<div class=\"srfm-block-wrap\">\n\t\t\t\t\t\t<input class=\"srfm-input-common srfm-input-email\" type=\"email\" name=\"srfm-email-8fb75340-lbl-SWhyZSBFbWFpbC1BZHJlc3Nl-deine-email-adresse\" id=\"srfm-email-8fb75340-lbl-SWhyZSBFbWFpbC1BZHJlc3Nl\"\n\t\t\t\t\t\taria-describedby='srfm-error-8fb75340'\t\t\t\t\t\tdata-required=\"true\" aria-required=\"true\" data-unique=\"false\" value=\"\"  placeholder=\"Geben Sie bitte Ihre Email-Adresse ein\"   \/>\n\t\t\t\t\t<\/div>\n\t\t\t\t\t<div class=\"srfm-error-wrap\">\n\t\t\t\t\t\t\t\t\t\t\t<div class=\"srfm-error-message\" data-srfm-id=\"srfm-error-8fb75340\" data-error-msg=\"Dies ist ein Pflichtfeld. Bitte ausf\u00fcllen.\" data-unique-msg=\"Der Wert muss einzigartig sein.\">\n\t\t\t\t\t\tDies ist ein Pflichtfeld. Bitte ausf\u00fcllen.\t\t\t\t\t<\/div>\n\t\t\t\t\t\t\t\t\t\t<\/div>\n\t\t\t\t<\/div>\n\t\t\t\t\t\t\t<\/div>\n\t\t\n\n\t\t\t<div data-block-id=\"f30bc07b\" class=\"srfm-block-single srfm-block srfm-input-block srf-input-f30bc07b-block  srfm-block-width-100 srfm-slug-ihre-firma-online-shop\" >\n\t\t\t\t\t\t\t\t<label id=\"srfm-label-f30bc07b-lbl-SWhyZSBGaXJtYSAvIE9ubGluZSBTaG9w\" for=\"srfm-input-f30bc07b-lbl-SWhyZSBGaXJtYSAvIE9ubGluZSBTaG9w\" class=\"srfm-block-label\">\n\t\t\t\t\t\tIhre Firma \/ Online Shop\t\t\t\t\t\t\t\t\t\t\t\t\t<span class=\"srfm-required\" aria-hidden=\"true\"> *<\/span>\n\t\t\t\t\t\t\t\t\t\t\t<\/label>\n\t\t\t\t\t\t\t\t\t\t\t\t<div class=\"srfm-block-wrap\">\n\t\t\t\t<input class=\"srfm-input-common srfm-input-input\" type=\"text\" name=\"srfm-input-f30bc07b-lbl-SWhyZSBGaXJtYSAvIE9ubGluZSBTaG9w-ihre-firma-online-shop\" id=\"srfm-input-f30bc07b-lbl-SWhyZSBGaXJtYSAvIE9ubGluZSBTaG9w\"\n\t\t\t\t\taria-describedby='srfm-error-f30bc07b'\t\t\t\t\tdata-required=\"true\" aria-required=\"true\" data-unique=\"false\" maxlength=\"100\" value=\"\"  data-srfm-mask=\"none\"   \/>\n\t\t\t\t<\/div>\n\t\t\t\t<div class=\"srfm-error-wrap\">\n\t\t\t\t\t\t\t\t\t\t<div class=\"srfm-error-message\" data-srfm-id=\"srfm-error-f30bc07b\" data-error-msg=\"Dies ist ein Pflichtfeld. Bitte ausf\u00fcllen.\" data-unique-msg=\"Der Wert muss einzigartig sein.\">\n\t\t\t\t\t\tDies ist ein Pflichtfeld. Bitte ausf\u00fcllen.\t\t\t\t\t<\/div>\n\t\t\t\t\t\t\t\t\t<\/div>\n\t\t\t<\/div>\n\t\t\n\n\t\t<div data-block-id=\"b8cdb260\" class=\"srfm-block-single srfm-block srfm-textarea-block srf-textarea-b8cdb260-block  srfm-block-width-100\">\n\t\t\t\t\t\t\t\t<label id=\"srfm-label-b8cdb260-lbl-RGllIHZvbGxzdMOkbmRpZ2UgR2VzY2jDpGZ0c2FkcmVzc2U-9992\" for=\"srfm-textarea-b8cdb260-lbl-RGllIHZvbGxzdMOkbmRpZ2UgR2VzY2jDpGZ0c2FkcmVzc2U-9992\" class=\"srfm-block-label\">\n\t\t\t\t\t\tDie vollst\u00e4ndige Gesch\u00e4ftsadresse\t\t\t\t\t\t\t\t\t\t\t\t\t<span class=\"srfm-required\" aria-hidden=\"true\"> *<\/span>\n\t\t\t\t\t\t\t\t\t\t\t<\/label>\n\t\t\t\t\t\t\t\t\t\t\t\t\t<div class=\"srfm-description\" id=\"srfm-description-b8cdb260\">\n\t\t\t\t\t\tBitte geben Sie Ihre vollst\u00e4ndige Gesch\u00e4ftsadresse ein.\t\t\t\t\t<\/div>\n\t\t\t\t\t\t\t\t<div class=\"srfm-block-wrap\">\n\t\t\t\t<textarea\n\t\t\t\t\tclass=\"srfm-input-common srfm-input-textarea\"\n\t\t\t\t\tname=\"srfm-textarea-b8cdb260-lbl-RGllIHZvbGxzdMOkbmRpZ2UgR2VzY2jDpGZ0c2FkcmVzc2U-insights\"\n\t\t\t\t\tid=\"srfm-textarea-b8cdb260-lbl-RGllIHZvbGxzdMOkbmRpZ2UgR2VzY2jDpGZ0c2FkcmVzc2U-9992\"\n\t\t\t\t\taria-describedby='srfm-error-b8cdb260 srfm-description-b8cdb260'\t\t\t\t\tdata-required=\"true\" aria-required=\"true\"  rows=\"4\"  \t\t\t\t\t\t\t\t\t\t\t\t\t\t\t><\/textarea>\n\t\t\t\t\t\t\t<\/div>\n\t\t\t<div class=\"srfm-error-wrap\">\n\t\t\t\t\t\t\t\t\t<div class=\"srfm-error-message\" data-srfm-id=\"srfm-error-b8cdb260\" data-error-msg=\"Dies ist ein Pflichtfeld. Bitte ausf\u00fcllen.\">\n\t\t\t\t\t\tDies ist ein Pflichtfeld. Bitte ausf\u00fcllen.\t\t\t\t\t<\/div>\n\t\t\t\t\t\t\t\t<\/div>\n\t\t<\/div>\n\n\t\t\n\n\t\t<div data-block-id=\"f1683242\" class=\"srfm-block-single srfm-block srfm-phone-block srf-phone-f1683242-block srfm-block-width-100 \">\n\t\t\t\t\t\t\t\t<label id=\"srfm-label-f1683242-lbl-VGVsZWZvbg\" for=\"srfm-phone-f1683242-lbl-VGVsZWZvbg\" class=\"srfm-block-label\">\n\t\t\t\t\t\tTelefon\t\t\t\t\t\t\t\t\t\t\t\t\t<span class=\"srfm-required\" aria-hidden=\"true\"> *<\/span>\n\t\t\t\t\t\t\t\t\t\t\t<\/label>\n\t\t\t\t\t\t\t\t\t\t\t<div class=\"srfm-block-wrap\">\n\t\t\t\t<input type=\"tel\"\n\t\t\t\t\tclass=\"srfm-input-common srfm-input-phone\"\n\t\t\t\t\tname=\"srfm-phone-f1683242-lbl-VGVsZWZvbg-telefon\"\n\t\t\t\t\tid=\"srfm-phone-f1683242-lbl-VGVsZWZvbg\"\n\t\t\t\t\taria-describedby='srfm-error-f1683242'\t\t\t\t\tdata-required=\"true\"\n\t\t\t\t\taria-required=\"true\"\n\t\t\t\t\tdefault-country=\"us\"\n\t\t\t\t\t\t\t\t\t\tvalue=\"\"\n\t\t\t\t\t\t\t\t\t\tdata-unique=\"false\">\n\t\t\t<\/div>\n\t\t\t<div class=\"srfm-error-wrap\">\n\t\t\t\t\t\t\t\t\t<div class=\"srfm-error-message\" data-srfm-id=\"srfm-error-f1683242\" data-error-msg=\"Dies ist ein Pflichtfeld. Bitte ausf\u00fcllen.\" data-unique-msg=\"Der Wert muss einzigartig sein.\">\n\t\t\t\t\t\tDies ist ein Pflichtfeld. Bitte ausf\u00fcllen.\t\t\t\t\t<\/div>\n\t\t\t\t\t\t\t\t<\/div>\n\t\t<\/div>\n\t\t\n\n\t\t\t<div data-block-id=\"ae2edc9a\" class=\"srfm-block-single srfm-block srfm-checkbox-block srf-checkbox-ae2edc9a-block srfm-block-width-100 \">\n\t\t\t\t<div class=\"srfm-block-wrap\">\n\t\t\t\t\t<input class=\"srfm-input-common screen-reader-text srfm-input-checkbox\" id=\"srfm-checkbox-3084700557\"\n\t\t\t\t\t\taria-describedby='srfm-error-ae2edc9a'\t\t\t\t\tname=\"srfm-checkbox-ae2edc9a-lbl-SWNoIHN0aW1tZSB6dSwgZGFzcyBkaWVzZSBXZWJzaXRlIG1laW5lIMO8YmVybWl0dGVsdGVuIEluZm9ybWF0aW9uZW4gc3BlaWNoZXJ0LCBkYW1pdCBzaWUgYXVmIG1laW5lIEFuZnJhZ2UgYW50d29ydGVuIGvDtm5uZW4u-ich-stimme-zu-dass-diese-website-meine-ubermittelten-informationen-speichert-damit-sie-auf-meine-anfrage-antworten-konnen\" data-required=\"true\" aria-required=\"true\" type=\"checkbox\" \/>\n\t\t\t\t\t<label class=\"srfm-cbx\" for=\"srfm-checkbox-3084700557\">\n\t\t\t\t\t\t<span class=\"srfm-span-wrap\">\n\t\t\t\t\t\t\t<svg class=\"srfm-check-icon\" width=\"12px\" height=\"10px\" aria-hidden=\"true\">\n\t\t\t\t\t\t\t\t<use xlink:href=\"#srfm-checkbox-ae2edc9a-check\"><\/use>\n\t\t\t\t\t\t\t<\/svg>\n\t\t\t\t\t\t<\/span>\n\t\t\t\t\t\t<span class=\"srfm-span-wrap srfm-block-label\">Ich stimme zu, dass diese Website meine \u00fcbermittelten Informationen speichert, damit sie auf meine Anfrage antworten k\u00f6nnen.\t\t\t\t\t\t\t\t\t\t\t\t\t<span class=\"srfm-required\" aria-hidden=\"true\"> *<\/span>\n\t\t\t\t\t\t\t\t\t\t\t\t<\/span>\n\t\t\t\t\t<\/label>\n\t\t\t\t\t<svg class=\"srfm-inline-svg\" aria-hidden=\"true\">\n\t\t\t\t\t\t<symbol id=\"srfm-checkbox-ae2edc9a-check\" viewbox=\"0 0 12 10\">\n\t\t\t\t\t\t<polyline points=\"1.5 6 4.5 9 10.5 1\"><\/polyline>\n\t\t\t\t\t\t<\/symbol>\n\t\t\t\t\t<\/svg>\n\t\t\t\t<\/div>\n\t\t\t\t\t\t\t\t<div class=\"srfm-error-wrap\">\n\t\t\t\t\t\t\t\t\t\t<div class=\"srfm-error-message\" data-srfm-id=\"srfm-error-ae2edc9a\" data-error-msg=\"Dies ist ein Pflichtfeld. Bitte zustimmen.\">\n\t\t\t\t\t\tDies ist ein Pflichtfeld. Bitte zustimmen.\t\t\t\t\t<\/div>\n\t\t\t\t\t\t\t\t\t<\/div>\n\t\t\t<\/div>\n\t\t\t\t\t\t\t\t\t\t\t\t\t<div class=\"srfm-captcha-container \">\n\n\t\t\t\t\t\t\t\t\t<!-- The callback methods below are available on frontend.js. onTurnstileError displays and error in place of recaptcha dialog.  -->\n\t\t<div id=\"srfm-cf-sitekey\" class=\"cf-turnstile\" data-callback=\"onSuccess\" data-error-callback=\"onTurnstileError\" data-theme=\"auto\" data-sitekey=\"0x4AAAAAABtPY0Pfdcv8smTe\"><\/div>\n\t\t\t\t\t\t\t\t\t<div class=\"srfm-validation-error\" id=\"captcha-error\" style=\"display: none;\">Bitte best\u00e4tigen Sie, dass Sie kein Roboter sind.<\/div>\n\t\t\t\t\t<\/div>\n\t\t\t\t\t\n\t\t\t\t\t\n\t\t\t\t\t<div class=\"srfm-submit-container \" style=\"\">\n\t\t\t\t\t\t<div style=\"width: ; text-align: left\" class=\"wp-block-button\">\n\t\t\t\t\t\t\t\t\t\t\t\t\t\t\t\t\t\t\t<button style=\"\" id=\"srfm-submit-btn\" class=\"srfm-btn-frontend srfm-button srfm-submit-button\"\n\t\t\t\t\t\t\t\t\t\t\t\t\t\t>\n\t\t\t\t\t\t\t\t<div class=\"srfm-submit-wrap\">\n\t\t\t\t\t\t\t\t\tSenden\t\t\t\t\t\t\t\t<div class=\"srfm-loader\"><\/div>\n\t\t\t\t\t\t\t\t<\/div>\n\t\t\t\t\t\t\t<\/button>\n\t\t\t\t\t\t\t\t\t\t\t\t\t\t\t\t\t\t<\/div>\n\t\t\t\t\t<\/div>\n\t\t\t\t\t\t\t<p id=\"srfm-error-message\" class=\"srfm-common-error-message srfm-error-message srfm-footer-error\" hidden>\t\t<span class=\"srfm-icon\" aria-hidden=\"true\">\n\t\t\t<svg xmlns='http:\/\/www.w3.org\/2000\/svg' width='20' height='20' fill='none'><path d='M9.99935 18.3327C14.6017 18.3327 18.3327 14.6017 18.3327 9.99935C18.3327 5.39698 14.6017 1.66602 9.99935 1.66602C5.39698 1.66602 1.66602 5.39698 1.66602 9.99935C1.66602 14.6017 5.39698 18.3327 9.99935 18.3327Z' stroke='currentColor' stroke-width='1.5' stroke-linecap='round' stroke-linejoin='round' \/><path d='M10 6.66602V9.99935' stroke='currentColor' stroke-width='1.5' stroke-linecap='round' stroke-linejoin='round' \/><path d='M10 13.334H10.0083' stroke='currentColor' stroke-width='1.5' stroke-linecap='round' stroke-linejoin='round' \/><\/svg>\t\t<\/span>\n\t\t<span class=\"srfm-error-content\">Beim Absenden Ihres Formulars ist ein Fehler aufgetreten. Bitte versuchen Sie es erneut.<\/span><\/p>\n\t\t\t\t\t<\/form>\n\t\t\t<div class=\"srfm-single-form srfm-success-box in-page\">\n\t\t\t\t<div aria-live=\"polite\" aria-atomic=\"true\" role=\"alert\" id=\"srfm-success-message-page-799\" class=\"srfm-success-box-description\"><\/div>\n\t\t\t<\/div>\n\t\t\t\t\t\t<\/div>\n\t\t\n","protected":false},"excerpt":{"rendered":"<p>Fachhandel, Praxen &amp; B2B-Partner \u2013 Wissenschaft, die Ihr Sortiment bereichert Suchen Sie f\u00fcr Ihre Praxis, Ihre Apotheke, Ihr Longevity-Zentrum oder Ihren Premium-Onlineshop nach N\u00e4hrstoffkonzepten, die \u00fcber gew\u00f6hnliche Standard-Vitamine hinausgehen? Bei NucleoViva setzen wir auf das fundamentale Prinzip der Zellgesundheit \u2013 basierend auf \u00fcber 30 Jahren intensiver Nukleotid-Forschung. Wir suchen strategische B2B-Partner, die ihren Kunden und [&hellip;]<\/p>\n","protected":false},"author":2,"featured_media":0,"parent":0,"menu_order":0,"comment_status":"closed","ping_status":"closed","template":"","meta":{"_uag_custom_page_level_css":"","footnotes":""},"class_list":["post-759","page","type-page","status-publish","hentry"],"blocksy_meta":{"has_hero_section":"disabled","disable_share_box":"yes","styles_descriptor":{"styles":{"desktop":"","tablet":"","mobile":""},"google_fonts":[],"version":6}},"uagb_featured_image_src":{"full":false,"thumbnail":false,"medium":false,"medium_large":false,"large":false,"1536x1536":false,"2048x2048":false,"woocommerce_archive_thumbnail":false,"woocommerce_thumbnail":false,"woocommerce_single":false,"woocommerce_gallery_thumbnail":false},"uagb_author_info":{"display_name":"NucleoViva Redaktion","author_link":"https:\/\/nucleoviva.com\/de\/author\/nvcom_redaktion\/"},"uagb_comment_info":0,"uagb_excerpt":"Fachhandel, Praxen &amp; B2B-Partner \u2013 Wissenschaft, die Ihr Sortiment bereichert Suchen Sie f\u00fcr Ihre Praxis, Ihre Apotheke, Ihr Longevity-Zentrum oder Ihren Premium-Onlineshop nach N\u00e4hrstoffkonzepten, die \u00fcber gew\u00f6hnliche Standard-Vitamine hinausgehen? Bei NucleoViva setzen wir auf das fundamentale Prinzip der Zellgesundheit \u2013 basierend auf \u00fcber 30 Jahren intensiver Nukleotid-Forschung. Wir suchen strategische B2B-Partner, die ihren Kunden und&hellip;","_links":{"self":[{"href":"https:\/\/nucleoviva.com\/de\/wp-json\/wp\/v2\/pages\/759","targetHints":{"allow":["GET"]}}],"collection":[{"href":"https:\/\/nucleoviva.com\/de\/wp-json\/wp\/v2\/pages"}],"about":[{"href":"https:\/\/nucleoviva.com\/de\/wp-json\/wp\/v2\/types\/page"}],"author":[{"embeddable":true,"href":"https:\/\/nucleoviva.com\/de\/wp-json\/wp\/v2\/users\/2"}],"replies":[{"embeddable":true,"href":"https:\/\/nucleoviva.com\/de\/wp-json\/wp\/v2\/comments?post=759"}],"version-history":[{"count":3,"href":"https:\/\/nucleoviva.com\/de\/wp-json\/wp\/v2\/pages\/759\/revisions"}],"predecessor-version":[{"id":801,"href":"https:\/\/nucleoviva.com\/de\/wp-json\/wp\/v2\/pages\/759\/revisions\/801"}],"wp:attachment":[{"href":"https:\/\/nucleoviva.com\/de\/wp-json\/wp\/v2\/media?parent=759"}],"curies":[{"name":"wp","href":"https:\/\/api.w.org\/{rel}","templated":true}]}}