{"id":747,"date":"2026-04-17T19:47:51","date_gmt":"2026-04-17T17:47:51","guid":{"rendered":"https:\/\/nucleoviva.com\/?page_id=747"},"modified":"2026-04-18T21:31:24","modified_gmt":"2026-04-18T19:31:24","slug":"presse","status":"publish","type":"page","link":"https:\/\/nucleoviva.com\/de\/presse\/","title":{"rendered":"Presse"},"content":{"rendered":"\n<h1 class=\"wp-block-heading\">Presse &amp; Medien \u2013 Die Zukunft der Zellgesundheit<\/h1>\n\n\n\n<p>Du recherchierst zu den hochaktuellen Themen Longevity, zellul\u00e4re Vitalit\u00e4t oder Mikrobiom-Forschung? Bei <strong>NucleoViva<\/strong> verbinden wir \u00fcber 30 Jahre Schweizer Nukleotid-Forschung mit modernster N\u00e4hrstoff-Wissenschaft.<\/p>\n\n\n\n<p>Gerne unterst\u00fctzen wir Fachredaktionen, Gesundheitsjournalisten und Podcaster mit fundiertem Know-how, spannenden Insights und klaren Fakten \u2013 fernab von typischen Anti-Aging-Mythen. Ob f\u00fcr einen tiefgehenden Artikel \u00fcber Healthy Aging, einen Beitrag zur Bioverf\u00fcgbarkeit von Tripeptiden oder ein Portr\u00e4t \u00fcber Schweizer Innovationskraft: Wir liefern dir die passenden Antworten.<\/p>\n\n\n\n<h3 class=\"wp-block-heading\">Schnell &amp; unkompliziert: Dein Pressematerial<\/h3>\n\n\n\n<p>Weil wir wissen, dass Deadlines im Journalismus keinen Aufschub dulden, haben wir alle relevanten Assets (Logos, hochaufl\u00f6sende Produktbilder, Freisteller und unsere wissenschaftlichen Factsheets) in einem digitalen Press-Kit f\u00fcr dich zum sofortigen Download geb\u00fcndelt.<\/p>\n\n\n\n<h2 class=\"wp-block-heading\">Deine direkte Anlaufstelle<\/h2>\n\n\n\n<p>Du ben\u00f6tigst ein exklusives Statement, hast spezifische Hintergrundfragen oder m\u00f6chtest ein Fachinterview mit unserem wissenschaftlichen Experten Dr. rer. nat. Peter Koeppel (Biochemiker) oder unserem Gr\u00fcnderteam f\u00fchren?<\/p>\n\n\n\n<p>Melde dich jederzeit gerne direkt bei mir \u2013 ich k\u00fcmmere mich schnell und pers\u00f6nlich um dein Anliegen:<\/p>\n\n\n\n<p><strong>Daniel Waser, CEO<\/strong> <br>Telefon: +41 41 511 02 74 <br>E-Mail: presse@nucleoviva.com<\/p>\n\n\n\n<p><\/p>\n\n\n\n<h4 class=\"wp-block-heading\">Digitale Pressemappe (Media Kit)<\/h4>\n\n\n\n<p>Damit du sofort loslegen kannst, haben wir aktuelles Material f\u00fcr dich zusammengestellt. Du darfst die Inhalte f\u00fcr redaktionelle Zwecke honorarfrei nutzen (bitte mit dem Bildnachweis:&nbsp;<em>\u00a9NucleoViva\u00ae<\/em>).<\/p>\n\n\n\n<ul class=\"wp-block-list\">\n<li><strong>[Download: Unternehmensprofil \/ Factsheet (PDF)]<\/strong>&nbsp;\u2013 Alle wichtigen Zahlen, Daten und Fakten zu uns auf einer Seite.<\/li>\n\n\n\n<li><strong>[Download: Logo-Paket (ZIP)]<\/strong>&nbsp;\u2013 Unser Logo in verschiedenen Formaten f\u00fcr Print und Web.<\/li>\n\n\n\n<li><strong>[Download: Bildmaterial (ZIP)]<\/strong>&nbsp;\u2013 Hochaufl\u00f6sende Fotos von unserem Team, dem B\u00fcro und unseren Produkten.<\/li>\n<\/ul>\n\n\n\n<h4 class=\"wp-block-heading\">Aktuelle Pressemitteilungen<\/h4>\n\n\n\n<p>Hier findest du unsere neuesten Meldungen und Neuigkeiten zum Nachlesen:<\/p>\n\n\n\n<p><\/p>\n","protected":false},"excerpt":{"rendered":"<p>Presse &amp; Medien \u2013 Die Zukunft der Zellgesundheit Du recherchierst zu den hochaktuellen Themen Longevity, zellul\u00e4re Vitalit\u00e4t oder Mikrobiom-Forschung? Bei NucleoViva verbinden wir \u00fcber 30 Jahre Schweizer Nukleotid-Forschung mit modernster N\u00e4hrstoff-Wissenschaft. Gerne unterst\u00fctzen wir Fachredaktionen, Gesundheitsjournalisten und Podcaster mit fundiertem Know-how, spannenden Insights und klaren Fakten \u2013 fernab von typischen Anti-Aging-Mythen. Ob f\u00fcr einen tiefgehenden [&hellip;]<\/p>\n","protected":false},"author":2,"featured_media":0,"parent":0,"menu_order":0,"comment_status":"closed","ping_status":"closed","template":"","meta":{"_uag_custom_page_level_css":"","footnotes":""},"class_list":["post-747","page","type-page","status-publish","hentry"],"blocksy_meta":{"disable_share_box":"yes","styles_descriptor":{"styles":{"desktop":"","tablet":"","mobile":""},"google_fonts":[],"version":6},"has_hero_section":"disabled"},"uagb_featured_image_src":{"full":false,"thumbnail":false,"medium":false,"medium_large":false,"large":false,"1536x1536":false,"2048x2048":false,"woocommerce_archive_thumbnail":false,"woocommerce_thumbnail":false,"woocommerce_single":false,"woocommerce_gallery_thumbnail":false},"uagb_author_info":{"display_name":"NucleoViva Redaktion","author_link":"https:\/\/nucleoviva.com\/de\/author\/nvcom_redaktion\/"},"uagb_comment_info":0,"uagb_excerpt":"Presse &amp; Medien \u2013 Die Zukunft der Zellgesundheit Du recherchierst zu den hochaktuellen Themen Longevity, zellul\u00e4re Vitalit\u00e4t oder Mikrobiom-Forschung? Bei NucleoViva verbinden wir \u00fcber 30 Jahre Schweizer Nukleotid-Forschung mit modernster N\u00e4hrstoff-Wissenschaft. Gerne unterst\u00fctzen wir Fachredaktionen, Gesundheitsjournalisten und Podcaster mit fundiertem Know-how, spannenden Insights und klaren Fakten \u2013 fernab von typischen Anti-Aging-Mythen. Ob f\u00fcr einen tiefgehenden&hellip;","_links":{"self":[{"href":"https:\/\/nucleoviva.com\/de\/wp-json\/wp\/v2\/pages\/747","targetHints":{"allow":["GET"]}}],"collection":[{"href":"https:\/\/nucleoviva.com\/de\/wp-json\/wp\/v2\/pages"}],"about":[{"href":"https:\/\/nucleoviva.com\/de\/wp-json\/wp\/v2\/types\/page"}],"author":[{"embeddable":true,"href":"https:\/\/nucleoviva.com\/de\/wp-json\/wp\/v2\/users\/2"}],"replies":[{"embeddable":true,"href":"https:\/\/nucleoviva.com\/de\/wp-json\/wp\/v2\/comments?post=747"}],"version-history":[{"count":4,"href":"https:\/\/nucleoviva.com\/de\/wp-json\/wp\/v2\/pages\/747\/revisions"}],"predecessor-version":[{"id":778,"href":"https:\/\/nucleoviva.com\/de\/wp-json\/wp\/v2\/pages\/747\/revisions\/778"}],"wp:attachment":[{"href":"https:\/\/nucleoviva.com\/de\/wp-json\/wp\/v2\/media?parent=747"}],"curies":[{"name":"wp","href":"https:\/\/api.w.org\/{rel}","templated":true}]}}