{"id":741,"date":"2026-04-17T19:29:27","date_gmt":"2026-04-17T17:29:27","guid":{"rendered":"https:\/\/nucleoviva.com\/?page_id=741"},"modified":"2026-04-18T21:32:32","modified_gmt":"2026-04-18T19:32:32","slug":"creator","status":"publish","type":"page","link":"https:\/\/nucleoviva.com\/de\/creator\/","title":{"rendered":"Creator"},"content":{"rendered":"\n<h1 class=\"wp-block-heading\">Creator, Biohacker, Blogger &amp; Athleten \u2013 Bringen wir echte Wissenschaft in deine Community!<\/h1>\n\n\n\n<p>Deine Leidenschaft ist intensiver Sport, ganzheitliche Gesundheit, Beauty &amp; Beauty from within oder das zukunftsweisende Thema Longevity? Du setzt auf fundierte Wissenschaft statt auf leere Marketing-Versprechen?<\/p>\n\n\n\n<p><strong>Dann passen wir perfekt zusammen!<\/strong><\/p>\n\n\n\n<p>Wir bei <strong>NucleoViva<\/strong> revolutionieren die nutritive Zellversorgung \u2013 mit bioaktiven Nukleotiden und hochreinen Tripeptiden f\u00fcr mehr zellul\u00e4re Energie (ATP), schnellere strukturelle Regeneration und echtes Healthy Aging. Wenn du eine Community aufgebaut hast, die keinen oberfl\u00e4chlichen Content mehr sehen will, sondern echten, tiefgreifenden Mehrwert f\u00fcr ihre Gesundheit sucht, wollen wir dich an Bord haben.<\/p>\n\n\n\n<h2 class=\"wp-block-heading\">Unsere Philosophie: Expertise statt Follower-Zahlen<\/h2>\n\n\n\n<p>Egal ob du Biohacker, ambitionierter Athlet, Health-Coach, Beauty oder Fitness-Blogger bist: F\u00fcr uns z\u00e4hlt nicht die nackte Followerzahl, sondern deine Authentizit\u00e4t, deine fachliche Neugier und die echte Verbindung zu deiner Community. Wir suchen langfristige Partner auf Augenh\u00f6he, die unsere Mission teilen: Gesundheit beginnt im Kern der Zelle. <strong>0% Bullshit, 100% Zellkraft<\/strong><\/p>\n\n\n\n<h3 class=\"wp-block-heading\">Was wir dir f\u00fcr deine Arbeit bieten:<\/h3>\n\n\n\n<ul class=\"wp-block-list\">\n<li><strong>Zellversorgung f\u00fcr dein Training &amp; deinen Alltag:<\/strong> Regelm\u00e4ssige Bereitstellung unserer SBN-Produkte, damit du die Wirkung selbst sp\u00fcren kannst.<\/li>\n\n\n\n<li><strong>Wissenschaftliches Backup:<\/strong> Zugang zu 30 Jahren Nukleotid-Forschung. Wir liefern dir spannende, fundierte Fakten f\u00fcr deinen Content, die deine Community wirklich weiterbringen.<\/li>\n\n\n\n<li><strong>Weiterbildung:<\/strong> Regelm\u00e4ssig finden Webinare zum Thema Nukleotide und Zellgesundheit statt. Mit dabei sein wird jeweils Dr. rer. nat. Peter Damian Koeppel. Er steckt hinter dem wissenschaftlich fundiertem Nukleotidenmix von NucleoViva und z\u00e4hlt weltweit zu den f\u00fchrenden Wissenschaftlern wenn es um das Thema Nukleotide und Zellgesundheit geht.<\/li>\n\n\n\n<li><strong>Faires Affiliate-Modell:<\/strong> Attraktive, <strong>lebenslange Provisionen<\/strong> und exklusive Rabattcodes f\u00fcr deine Follower.<\/li>\n\n\n\n<li><strong>Kooperationen:<\/strong> Gemeinsame Content-Produktion (UGC) und verg\u00fctete Kampagnen, wenn der Fit stimmt.<\/li>\n<\/ul>\n\n\n\n<h2 class=\"wp-block-heading\">Bereit f\u00fcr das n\u00e4chste Level?<\/h2>\n\n\n\n<p>Lass uns gemeinsam daf\u00fcr sorgen, dass deine Community ihre Gesundheit und Regeneration zellul\u00e4r selbst in die Hand nimmt. F\u00fcll einfach kurz das untenstehende Formular mit deinen wichtigsten Infos und Links aus.<\/p>\n\n\n\n<p>Wir freuen uns darauf, deine Vision kennenzulernen!<\/p>\n\n\n\n<p>Da wir regelm\u00e4ssig tolle Anfragen erhalten, hilft es uns enorm, wenn du uns direkt die wichtigsten Infos mitschickst. Bitte f\u00fclle untenstehendes Formular aus.<\/p>\n\n\n\t\t\t<div class=\"srfm-form-container srfm-form-container-771 srfm-bg-color\">\n\t\t\t<style>\n\t\t\t\t\/* Need to check and remove the input variables related to the Style Tab. *\/\n\t\t\t\t.srfm-form-container-771 {\n\t\t\t\t\t\/* New test variables *\/\n\t\t\t\t\t--srfm-color-scheme-primary: var(--theme-palette-color-2, #55a630);\n\t\t\t\t\t--srfm-color-scheme-text-on-primary: #FFFFFF;\n\t\t\t\t\t--srfm-color-scheme-text: #1E1E1E;\n\t\t\t\t\t--srfm-quill-editor-color: var(--theme-palette-color-2, #55a630);\n\n\t\t\t\t\t--srfm-color-input-label: #1E1E1E;\n\t\t\t\t\t--srfm-color-input-description: hsl( from #1E1E1E h s l \/ 0.65 );\n\t\t\t\t\t--srfm-color-input-placeholder: hsl( from #1E1E1E h s l \/ 0.5 );\n\t\t\t\t\t--srfm-color-input-text: #1E1E1E;\n\t\t\t\t\t--srfm-color-input-prefix: hsl( from #1E1E1E h s l \/ 0.65 );\n\t\t\t\t\t--srfm-color-input-background: hsl( from #1E1E1E h s l \/ 0.02 );\n\t\t\t\t\t--srfm-color-input-background-hover: hsl( from #1E1E1E h s l \/ 0.05 );\n\t\t\t\t\t--srfm-color-input-background-disabled: hsl( from #1E1E1E h s l \/ 0.07 );\n\t\t\t\t\t--srfm-color-input-border: hsl( from #1E1E1E h s l \/ 0.25 );\n\t\t\t\t\t--srfm-color-input-border-disabled: hsl( from #1E1E1E h s l \/ 0.15 );\n\t\t\t\t\t--srfm-color-multi-choice-svg: hsl( from #1E1E1E h s l \/ 0.7 );\n\t\t\t\t\t--srfm-color-input-border-hover: hsl( from var(--theme-palette-color-2, #55a630) h s l \/ 0.65 );\n\t\t\t\t\t--srfm-color-input-border-focus-glow: hsl( from var(--theme-palette-color-2, #55a630) h s l \/ 0.15 );\n\t\t\t\t\t--srfm-color-input-selected: hsl( from var(--theme-palette-color-2, #55a630) h s l \/ 0.1 );\n\t\t\t\t\t--srfm-btn-color-hover: hsl( from var(--theme-palette-color-2, #55a630) h s l \/ 0.9 );\n\t\t\t\t\t--srfm-btn-color-disabled: hsl( from var(--theme-palette-color-2, #55a630) h s l \/ 0.25 );\n\n\t\t\t\t\t\/* Dropdown Variables *\/\n\t\t\t\t\t--srfm-dropdown-input-background-hover: hsl( from #1E1E1E h s l \/ 0.05 );\n\t\t\t\t\t--srfm-dropdown-option-background-hover: hsl( from #1E1E1E h s l \/ 0.10 );\n\t\t\t\t\t--srfm-dropdown-option-background-selected: hsl( from #1E1E1E h s l \/ 0.05 );\n\t\t\t\t\t--srfm-dropdown-option-selected-icon: hsl( from #1E1E1E h s l \/ 0.65 );\n\t\t\t\t\t--srfm-dropdown-option-text-color: hsl( from #1E1E1E h s l \/ 0.80 );\n\t\t\t\t\t--srfm-dropdown-option-selected-text: #1E1E1E;\n\t\t\t\t\t--srfm-dropdown-badge-background: hsl( from #1E1E1E h s l \/ 0.05 );\n\t\t\t\t\t--srfm-dropdown-badge-background-hover: hsl( from #1E1E1E h s l \/ 0.10 );\n\t\t\t\t\t--srfm-dropdown-menu-border-color: hsl( from #1E1E1E h s l \/ 0.10 );\n\t\t\t\t\t--srfm-dropdown-placeholder-color: hsl( from #1E1E1E h s l \/ 0.50 );\n\t\t\t\t\t--srfm-dropdown-icon-color: hsl( from #1E1E1E h s l \/ 0.65 );\n\t\t\t\t\t--srfm-dropdown-icon-disabled: hsl( from #1E1E1E h s l \/ 0.25 );\n\n\t\t\t\t\t\/* Background Control Variables *\/\n\t\t\t\t\t--srfm-instant-form-padding-top: 32px;--srfm-instant-form-padding-right: 32px;--srfm-instant-form-padding-bottom: 32px;--srfm-instant-form-padding-left: 32px;--srfm-instant-form-border-radius-top: 12px;--srfm-instant-form-border-radius-right: 12px;--srfm-instant-form-border-radius-bottom: 12px;--srfm-instant-form-border-radius-left: 12px;--srfm-form-padding-top: 0px;--srfm-form-padding-right: 0px;--srfm-form-padding-bottom: 0px;--srfm-form-padding-left: 0px;--srfm-form-border-radius-top: 0px;--srfm-form-border-radius-right: 0px;--srfm-form-border-radius-bottom: 0px;--srfm-form-border-radius-left: 0px;--srfm-bg-color: #ffffff;--srfm-bg-overlay-opacity: 1;\t\t\t\t\t--srfm-row-gap-between-blocks: 18px;--srfm-address-label-font-size: 16px;--srfm-address-label-line-height: 24px;--srfm-address-description-font-size: 14px;--srfm-address-description-line-height: 20px;--srfm-col-gap-between-fields: 16px;--srfm-row-gap-between-fields: 16px;--srfm-gap-below-address-label: 14px;--srfm-dropdown-font-size: 14px;--srfm-dropdown-gap-between-input-menu: 4px;--srfm-dropdown-badge-padding: 2px 6px;--srfm-dropdown-multiselect-font-size: 12px;--srfm-dropdown-multiselect-line-height: 16px;--srfm-dropdown-padding-right: 12px;--srfm-dropdown-padding-right-icon: calc( var( --srfm-dropdown-padding-right ) + 20px );--srfm-dropdown-multiselect-padding: 8px var( --srfm-dropdown-padding-right-icon ) 8px 8px;--srfm-input-height: 44px;--srfm-input-field-padding: 10px 12px;--srfm-input-field-font-size: 16px;--srfm-input-field-line-height: 24px;--srfm-input-field-margin-top: 6px;--srfm-input-field-margin-bottom: 6px;--srfm-checkbox-label-font-size: 16px;--srfm-checkbox-label-line-height: 24px;--srfm-checkbox-description-font-size: 14px;--srfm-checkbox-description-line-height: 20px;--srfm-check-ctn-width: 16px;--srfm-check-ctn-height: 16px;--srfm-check-svg-size: 10px;--srfm-checkbox-margin-top-frontend: 4px;--srfm-checkbox-margin-top-editor: 6px;--srfm-check-gap: 8px;--srfm-checkbox-description-margin-left: 24px;--srfm-flag-section-padding: 10px 0 10px 12px;--srfm-gap-between-icon-text: 8px;--srfm-label-font-size: 16px;--srfm-label-line-height: 24px;--srfm-description-font-size: 14px;--srfm-description-line-height: 20px;--srfm-btn-padding: 10px 14px;--srfm-btn-font-size: 16px;--srfm-btn-line-height: 24px;--srfm-multi-choice-horizontal-padding: 20px;--srfm-multi-choice-vertical-padding: 20px;--srfm-multi-choice-internal-option-gap: 8px;--srfm-multi-choice-vertical-svg-size: 40px;--srfm-multi-choice-horizontal-image-size: 24px;--srfm-multi-choice-vertical-image-size: 120px;--srfm-multi-choice-outer-padding: 2px;--srfm-upload-vertical-padding: 28px;--srfm-upload-inner-gap: 12px;--srfm-upload-text-line-height: 24px;--srfm-upload-file-margin-top: 16px;--srfm-upload-preview-size: 42px;--srfm-slider-label-font-size: 12px;--srfm-slider-label-line-height: 16px;--srfm-slider-label-top-padding: 8px;--srfm-slider-error-gap: 6px;--srfm-page-break-row-gap: 28px;--srfm-rating-icon-size: 28px;--srfm-rating-icon-gap: 6px;--srfm-datepicker-dropdown-input-gap: 4px;--srfm-login-row-gap: 14px;--srfm-signature-canvas-height: 140px;--srfm-signature-button-bottom: 14px;\t\t--srfm-page-break-back-btn-text-color: hsl( from #1E1E1E h s l \/ 0.80 );\n\t\t--srfm-page-break-back-btn-background: hsl( from #1E1E1E h s l \/ 0.05 );\n\t\t--srfm-page-break-unfilled-progress: hsl( from #1E1E1E h s l \/ 0.15 );\n\t\t--srfm-page-break-indicator-text-color: hsl( from #1E1E1E h s l \/ 0.50 );\n\t\t--srfm-page-break-connector-checked: hsl( from #1E1E1E h s l \/ 0.15 );\n\t\t--srfm-page-break-connector-pending: hsl( from #1E1E1E h s l \/ 0.25 );\n\t\t--srfm-page-break-connector-active: hsl( from var(--theme-palette-color-2, #55a630) h s l \/ 0.50 );\n\t\t--srfm-page-break-steps-unfilled: hsl( from #1E1E1E h s l \/ 0.50 );\n\t\t--srfm-page-break-steps-filled: hsl( from #1E1E1E h s l \/ 0.25 );\n\t\t--srfm-page-break-steps-progress: hsl( from #1E1E1E h s l \/ 0.15 );\n\t\t--srfm-page-break-steps-pending-text-color: hsl( from #1E1E1E h s l \/ 0.80 );\n\t\t--srfm-password-strength-weak: #DC2626;--srfm-password-strength-weak-border-glow: hsl( from var(--srfm-password-strength-weak) h s l \/ 0.15 );--srfm-password-strength-weak-border-color: hsl( from var(--srfm-password-strength-weak) h s l \/ 0.65 );--srfm-password-strength-medium: #D97706;--srfm-password-strength-medium-border-glow: hsl( from var(--srfm-password-strength-medium) h s l \/ 0.15 );--srfm-password-strength-medium-border-color: hsl( from var(--srfm-password-strength-medium) h s l \/ 0.65 );--srfm-password-strength-strong: #16A34A;--srfm-password-strength-strong-border-glow: hsl( from var(--srfm-password-strength-strong) h s l \/ 0.15 );--srfm-password-strength-strong-border-color: hsl( from var(--srfm-password-strength-strong) h s l \/ 0.65 );\t\t\t\t}\n\t\t\t<\/style>\n\t\t\t\t\t\t\t<form method=\"post\" enctype=\"multipart\/form-data\" id=\"srfm-form-771\" class=\"srfm-form \"\n\t\t\t\tform-id=\"771\" after-submission=\"hide form\" message-type=\"same page\" success-url=\"\" ajaxurl=\"https:\/\/nucleoviva.com\/wp-admin\/admin-ajax.php\" data-submit-token=\"8147e09c3b249e77aa57f7e14f84fef394076ad54c9071c85e564135bdbcfe92\"\n\t\t\t\t>\n\t\t\t\t\n\t\t\t\t<input type=\"hidden\" value=\"771\" name=\"form-id\">\n\t\t\t\t<input type=\"hidden\" value=\"\" name=\"srfm-sender-email-field\" id=\"srfm-sender-email\">\n\t\t\t\t<input type=\"hidden\" value=\"\" id=\"srfm-page-break\">\n\t\t\t\t\t\t<p id=\"srfm-error-message\" class=\"srfm-common-error-message srfm-error-message srfm-head-error\" hidden>\t\t<span class=\"srfm-icon\" aria-hidden=\"true\">\n\t\t\t<svg xmlns='http:\/\/www.w3.org\/2000\/svg' width='20' height='20' fill='none'><path d='M9.99935 18.3327C14.6017 18.3327 18.3327 14.6017 18.3327 9.99935C18.3327 5.39698 14.6017 1.66602 9.99935 1.66602C5.39698 1.66602 1.66602 5.39698 1.66602 9.99935C1.66602 14.6017 5.39698 18.3327 9.99935 18.3327Z' stroke='currentColor' stroke-width='1.5' stroke-linecap='round' stroke-linejoin='round' \/><path d='M10 6.66602V9.99935' stroke='currentColor' stroke-width='1.5' stroke-linecap='round' stroke-linejoin='round' \/><path d='M10 13.334H10.0083' stroke='currentColor' stroke-width='1.5' stroke-linecap='round' stroke-linejoin='round' \/><\/svg>\t\t<\/span>\n\t\t<span class=\"srfm-error-content\">Beim Absenden Ihres Formulars ist ein Fehler aufgetreten. Bitte versuchen Sie es erneut.<\/span><\/p>\n\t\t\t\t\t<div data-block-id=\"89822a96\" class=\"srfm-block-single srfm-block srfm-input-block srf-input-89822a96-block  srfm-block-width-100 srfm-slug-dein-vollstandiger-name\" >\n\t\t\t\t\t\t\t\t<label id=\"srfm-label-89822a96-lbl-RGVpbiB2b2xsc3TDpG5kaWdlciBOYW1l\" for=\"srfm-input-89822a96-lbl-RGVpbiB2b2xsc3TDpG5kaWdlciBOYW1l\" class=\"srfm-block-label\">\n\t\t\t\t\t\tDein vollst\u00e4ndiger Name\t\t\t\t\t\t\t\t\t\t\t\t\t<span class=\"srfm-required\" aria-hidden=\"true\"> *<\/span>\n\t\t\t\t\t\t\t\t\t\t\t<\/label>\n\t\t\t\t\t\t\t\t\t\t\t\t<div class=\"srfm-block-wrap\">\n\t\t\t\t<input class=\"srfm-input-common srfm-input-input\" type=\"text\" name=\"srfm-input-89822a96-lbl-RGVpbiB2b2xsc3TDpG5kaWdlciBOYW1l-dein-vollstandiger-name\" id=\"srfm-input-89822a96-lbl-RGVpbiB2b2xsc3TDpG5kaWdlciBOYW1l\"\n\t\t\t\t\taria-describedby='srfm-error-89822a96'\t\t\t\t\tdata-required=\"true\" aria-required=\"true\" data-unique=\"false\" maxlength=\"100\" value=\"\"  placeholder=\"Bitte gib Deinen vollst\u00e4ndigen Namen ein\"  data-srfm-mask=\"none\"   \/>\n\t\t\t\t<\/div>\n\t\t\t\t<div class=\"srfm-error-wrap\">\n\t\t\t\t\t\t\t\t\t\t<div class=\"srfm-error-message\" data-srfm-id=\"srfm-error-89822a96\" data-error-msg=\"Dies ist ein Pflichtfeld. Bitte ausf\u00fcllen.\" data-unique-msg=\"Der Wert muss einzigartig sein.\">\n\t\t\t\t\t\tDies ist ein Pflichtfeld. Bitte ausf\u00fcllen.\t\t\t\t\t<\/div>\n\t\t\t\t\t\t\t\t\t<\/div>\n\t\t\t<\/div>\n\t\t\n\n\t\t\t<div data-block-id=\"8fb75340\" class=\"srfm-block-single srfm-block srfm-email-block srf-email-8fb75340-block  srfm-block-width-100 srfm-slug-deine-email-adresse srfm-email-block-wrap\">\n\t\t\t\t<div class=\"srfm-email-block srf-email-8fb75340-block\">\n\t\t\t\t\t\t\t\t\t\t<label id=\"srfm-label-8fb75340-lbl-RGVpbmUgRW1haWwtQWRyZXNzZQ\" for=\"srfm-email-8fb75340-lbl-RGVpbmUgRW1haWwtQWRyZXNzZQ\" class=\"srfm-block-label\">\n\t\t\t\t\t\tDeine Email-Adresse\t\t\t\t\t\t\t\t\t\t\t\t\t<span class=\"srfm-required\" aria-hidden=\"true\"> *<\/span>\n\t\t\t\t\t\t\t\t\t\t\t<\/label>\n\t\t\t\t\t\t\t\t\t\t\t\t\t\t\t<div class=\"srfm-block-wrap\">\n\t\t\t\t\t\t<input class=\"srfm-input-common srfm-input-email\" type=\"email\" name=\"srfm-email-8fb75340-lbl-RGVpbmUgRW1haWwtQWRyZXNzZQ-deine-email-adresse\" id=\"srfm-email-8fb75340-lbl-RGVpbmUgRW1haWwtQWRyZXNzZQ\"\n\t\t\t\t\t\taria-describedby='srfm-error-8fb75340'\t\t\t\t\t\tdata-required=\"true\" aria-required=\"true\" data-unique=\"false\" value=\"\"  placeholder=\"Gib bitte Deine Email-Adresse ein\"   \/>\n\t\t\t\t\t<\/div>\n\t\t\t\t\t<div class=\"srfm-error-wrap\">\n\t\t\t\t\t\t\t\t\t\t\t<div class=\"srfm-error-message\" data-srfm-id=\"srfm-error-8fb75340\" data-error-msg=\"Dies ist ein Pflichtfeld. Bitte ausf\u00fcllen.\" data-unique-msg=\"Der Wert muss einzigartig sein.\">\n\t\t\t\t\t\tDies ist ein Pflichtfeld. Bitte ausf\u00fcllen.\t\t\t\t\t<\/div>\n\t\t\t\t\t\t\t\t\t\t<\/div>\n\t\t\t\t<\/div>\n\t\t\t\t\t\t\t<\/div>\n\t\t\n\n\t\t<div data-block-id=\"8bdf7e10\" class=\"srfm-block-single srfm-block srfm-textarea-block srf-textarea-8bdf7e10-block  srfm-block-width-100\">\n\t\t\t\t\t\t\t\t<label id=\"srfm-label-8bdf7e10-lbl-TWVpbiBLYW5hbCAvIG1laW5lIEthbsOkbGU-8470\" for=\"srfm-textarea-8bdf7e10-lbl-TWVpbiBLYW5hbCAvIG1laW5lIEthbsOkbGU-8470\" class=\"srfm-block-label\">\n\t\t\t\t\t\tMein Kanal \/ meine Kan\u00e4le\t\t\t\t\t\t\t\t\t\t\t\t\t<span class=\"srfm-required\" aria-hidden=\"true\"> *<\/span>\n\t\t\t\t\t\t\t\t\t\t\t<\/label>\n\t\t\t\t\t\t\t\t\t\t\t\t\t<div class=\"srfm-description\" id=\"srfm-description-8bdf7e10\">\n\t\t\t\t\t\tBitte stell deine Kan\u00e4le (mit direkten Links) kurz vor\t\t\t\t\t<\/div>\n\t\t\t\t\t\t\t\t<div class=\"srfm-block-wrap\">\n\t\t\t\t<textarea\n\t\t\t\t\tclass=\"srfm-input-common srfm-input-textarea\"\n\t\t\t\t\tname=\"srfm-textarea-8bdf7e10-lbl-TWVpbiBLYW5hbCAvIG1laW5lIEthbsOkbGU-mein-kanal-meine-kanale\"\n\t\t\t\t\tid=\"srfm-textarea-8bdf7e10-lbl-TWVpbiBLYW5hbCAvIG1laW5lIEthbsOkbGU-8470\"\n\t\t\t\t\taria-describedby='srfm-error-8bdf7e10 srfm-description-8bdf7e10'\t\t\t\t\tdata-required=\"true\" aria-required=\"true\"  rows=\"4\"  \t\t\t\t\t\t\t\t\t\t\t\t\t\t\t><\/textarea>\n\t\t\t\t\t\t\t<\/div>\n\t\t\t<div class=\"srfm-error-wrap\">\n\t\t\t\t\t\t\t\t\t<div class=\"srfm-error-message\" data-srfm-id=\"srfm-error-8bdf7e10\" data-error-msg=\"Dies ist ein Pflichtfeld. Bitte ausf\u00fcllen.\">\n\t\t\t\t\t\tDies ist ein Pflichtfeld. Bitte ausf\u00fcllen.\t\t\t\t\t<\/div>\n\t\t\t\t\t\t\t\t<\/div>\n\t\t<\/div>\n\n\t\t\n\n\t\t<div data-block-id=\"b8cdb260\" class=\"srfm-block-single srfm-block srfm-textarea-block srf-textarea-b8cdb260-block  srfm-block-width-100\">\n\t\t\t\t\t\t\t\t<label id=\"srfm-label-b8cdb260-lbl-SW5zaWdodHM-8377\" for=\"srfm-textarea-b8cdb260-lbl-SW5zaWdodHM-8377\" class=\"srfm-block-label\">\n\t\t\t\t\t\tInsights\t\t\t\t\t\t\t\t\t\t\t\t\t<span class=\"srfm-required\" aria-hidden=\"true\"> *<\/span>\n\t\t\t\t\t\t\t\t\t\t\t<\/label>\n\t\t\t\t\t\t\t\t\t\t\t\t\t<div class=\"srfm-description\" id=\"srfm-description-b8cdb260\">\n\t\t\t\t\t\taktuelle Zahlen zu Reichweite, Zielgruppe und Engagement-Rate).\t\t\t\t\t<\/div>\n\t\t\t\t\t\t\t\t<div class=\"srfm-block-wrap\">\n\t\t\t\t<textarea\n\t\t\t\t\tclass=\"srfm-input-common srfm-input-textarea\"\n\t\t\t\t\tname=\"srfm-textarea-b8cdb260-lbl-SW5zaWdodHM-insights\"\n\t\t\t\t\tid=\"srfm-textarea-b8cdb260-lbl-SW5zaWdodHM-8377\"\n\t\t\t\t\taria-describedby='srfm-error-b8cdb260 srfm-description-b8cdb260'\t\t\t\t\tdata-required=\"true\" aria-required=\"true\"  rows=\"4\"  \t\t\t\t\t\t\t\t\t\t\t\t\t\t\t><\/textarea>\n\t\t\t\t\t\t\t<\/div>\n\t\t\t<div class=\"srfm-error-wrap\">\n\t\t\t\t\t\t\t\t\t<div class=\"srfm-error-message\" data-srfm-id=\"srfm-error-b8cdb260\" data-error-msg=\"Dies ist ein Pflichtfeld. Bitte ausf\u00fcllen.\">\n\t\t\t\t\t\tDies ist ein Pflichtfeld. Bitte ausf\u00fcllen.\t\t\t\t\t<\/div>\n\t\t\t\t\t\t\t\t<\/div>\n\t\t<\/div>\n\n\t\t\n\n\t\t<div data-block-id=\"1e7acdf4\" class=\"srfm-block-single srfm-block srfm-textarea-block srf-textarea-1e7acdf4-block  srfm-block-width-100\">\n\t\t\t\t\t\t\t\t<label id=\"srfm-label-1e7acdf4-lbl-RGVpbmUgSWRlZQ-5134\" for=\"srfm-textarea-1e7acdf4-lbl-RGVpbmUgSWRlZQ-5134\" class=\"srfm-block-label\">\n\t\t\t\t\t\tDeine Idee\t\t\t\t\t\t\t\t\t\t\t\t\t<span class=\"srfm-required\" aria-hidden=\"true\"> *<\/span>\n\t\t\t\t\t\t\t\t\t\t\t<\/label>\n\t\t\t\t\t\t\t\t\t\t\t\t\t<div class=\"srfm-description\" id=\"srfm-description-1e7acdf4\">\n\t\t\t\t\t\tWarum passt du perfekt zu uns? Hast du schon eine konkrete Idee f\u00fcr ein Posting, ein Video oder eine Kampagne? Wir lieben Eigeninitiative!\t\t\t\t\t<\/div>\n\t\t\t\t\t\t\t\t<div class=\"srfm-block-wrap\">\n\t\t\t\t<textarea\n\t\t\t\t\tclass=\"srfm-input-common srfm-input-textarea\"\n\t\t\t\t\tname=\"srfm-textarea-1e7acdf4-lbl-RGVpbmUgSWRlZQ-deine-idee\"\n\t\t\t\t\tid=\"srfm-textarea-1e7acdf4-lbl-RGVpbmUgSWRlZQ-5134\"\n\t\t\t\t\taria-describedby='srfm-error-1e7acdf4 srfm-description-1e7acdf4'\t\t\t\t\tdata-required=\"true\" aria-required=\"true\"  rows=\"4\"  \t\t\t\t\t\t\t\t\t\t\t\t\t\t\t><\/textarea>\n\t\t\t\t\t\t\t<\/div>\n\t\t\t<div class=\"srfm-error-wrap\">\n\t\t\t\t\t\t\t\t\t<div class=\"srfm-error-message\" data-srfm-id=\"srfm-error-1e7acdf4\" data-error-msg=\"Dies ist ein Pflichtfeld. Bitte ausf\u00fcllen.\">\n\t\t\t\t\t\tDies ist ein Pflichtfeld. Bitte ausf\u00fcllen.\t\t\t\t\t<\/div>\n\t\t\t\t\t\t\t\t<\/div>\n\t\t<\/div>\n\n\t\t\n\n\t\t\t<div data-block-id=\"ae2edc9a\" class=\"srfm-block-single srfm-block srfm-checkbox-block srf-checkbox-ae2edc9a-block srfm-block-width-100 \">\n\t\t\t\t<div class=\"srfm-block-wrap\">\n\t\t\t\t\t<input class=\"srfm-input-common screen-reader-text srfm-input-checkbox\" id=\"srfm-checkbox-1114365818\"\n\t\t\t\t\t\taria-describedby='srfm-error-ae2edc9a'\t\t\t\t\tname=\"srfm-checkbox-ae2edc9a-lbl-SWNoIHN0aW1tZSB6dSwgZGFzcyBkaWVzZSBXZWJzaXRlIG1laW5lIMO8YmVybWl0dGVsdGVuIEluZm9ybWF0aW9uZW4gc3BlaWNoZXJ0LCBkYW1pdCBzaWUgYXVmIG1laW5lIEFuZnJhZ2UgYW50d29ydGVuIGvDtm5uZW4u-ich-stimme-zu-dass-diese-website-meine-ubermittelten-informationen-speichert-damit-sie-auf-meine-anfrage-antworten-konnen\" data-required=\"true\" aria-required=\"true\" type=\"checkbox\" \/>\n\t\t\t\t\t<label class=\"srfm-cbx\" for=\"srfm-checkbox-1114365818\">\n\t\t\t\t\t\t<span class=\"srfm-span-wrap\">\n\t\t\t\t\t\t\t<svg class=\"srfm-check-icon\" width=\"12px\" height=\"10px\" aria-hidden=\"true\">\n\t\t\t\t\t\t\t\t<use xlink:href=\"#srfm-checkbox-ae2edc9a-check\"><\/use>\n\t\t\t\t\t\t\t<\/svg>\n\t\t\t\t\t\t<\/span>\n\t\t\t\t\t\t<span class=\"srfm-span-wrap srfm-block-label\">Ich stimme zu, dass diese Website meine \u00fcbermittelten Informationen speichert, damit sie auf meine Anfrage antworten k\u00f6nnen.\t\t\t\t\t\t\t\t\t\t\t\t\t<span class=\"srfm-required\" aria-hidden=\"true\"> *<\/span>\n\t\t\t\t\t\t\t\t\t\t\t\t<\/span>\n\t\t\t\t\t<\/label>\n\t\t\t\t\t<svg class=\"srfm-inline-svg\" aria-hidden=\"true\">\n\t\t\t\t\t\t<symbol id=\"srfm-checkbox-ae2edc9a-check\" viewbox=\"0 0 12 10\">\n\t\t\t\t\t\t<polyline points=\"1.5 6 4.5 9 10.5 1\"><\/polyline>\n\t\t\t\t\t\t<\/symbol>\n\t\t\t\t\t<\/svg>\n\t\t\t\t<\/div>\n\t\t\t\t\t\t\t\t<div class=\"srfm-error-wrap\">\n\t\t\t\t\t\t\t\t\t\t<div class=\"srfm-error-message\" data-srfm-id=\"srfm-error-ae2edc9a\" data-error-msg=\"Dies ist ein Pflichtfeld. Bitte zustimmen.\">\n\t\t\t\t\t\tDies ist ein Pflichtfeld. Bitte zustimmen.\t\t\t\t\t<\/div>\n\t\t\t\t\t\t\t\t\t<\/div>\n\t\t\t<\/div>\n\t\t\t\t\t\t\t\t\t\t\t\t\t<div class=\"srfm-captcha-container \">\n\n\t\t\t\t\t\t\t\t\t<!-- The callback methods below are available on frontend.js. onTurnstileError displays and error in place of recaptcha dialog.  -->\n\t\t<div id=\"srfm-cf-sitekey\" class=\"cf-turnstile\" data-callback=\"onSuccess\" data-error-callback=\"onTurnstileError\" data-theme=\"auto\" data-sitekey=\"0x4AAAAAABtPY0Pfdcv8smTe\"><\/div>\n\t\t\t\t\t\t\t\t\t<div class=\"srfm-validation-error\" id=\"captcha-error\" style=\"display: none;\">Bitte best\u00e4tigen Sie, dass Sie kein Roboter sind.<\/div>\n\t\t\t\t\t<\/div>\n\t\t\t\t\t\n\t\t\t\t\t\n\t\t\t\t\t<div class=\"srfm-submit-container \" style=\"\">\n\t\t\t\t\t\t<div style=\"width: ; text-align: left\" class=\"wp-block-button\">\n\t\t\t\t\t\t\t\t\t\t\t\t\t\t\t\t\t\t\t<button style=\"\" id=\"srfm-submit-btn\" class=\"srfm-btn-frontend srfm-button srfm-submit-button\"\n\t\t\t\t\t\t\t\t\t\t\t\t\t\t>\n\t\t\t\t\t\t\t\t<div class=\"srfm-submit-wrap\">\n\t\t\t\t\t\t\t\t\tSenden\t\t\t\t\t\t\t\t<div class=\"srfm-loader\"><\/div>\n\t\t\t\t\t\t\t\t<\/div>\n\t\t\t\t\t\t\t<\/button>\n\t\t\t\t\t\t\t\t\t\t\t\t\t\t\t\t\t\t<\/div>\n\t\t\t\t\t<\/div>\n\t\t\t\t\t\t\t<p id=\"srfm-error-message\" class=\"srfm-common-error-message srfm-error-message srfm-footer-error\" hidden>\t\t<span class=\"srfm-icon\" aria-hidden=\"true\">\n\t\t\t<svg xmlns='http:\/\/www.w3.org\/2000\/svg' width='20' height='20' fill='none'><path d='M9.99935 18.3327C14.6017 18.3327 18.3327 14.6017 18.3327 9.99935C18.3327 5.39698 14.6017 1.66602 9.99935 1.66602C5.39698 1.66602 1.66602 5.39698 1.66602 9.99935C1.66602 14.6017 5.39698 18.3327 9.99935 18.3327Z' stroke='currentColor' stroke-width='1.5' stroke-linecap='round' stroke-linejoin='round' \/><path d='M10 6.66602V9.99935' stroke='currentColor' stroke-width='1.5' stroke-linecap='round' stroke-linejoin='round' \/><path d='M10 13.334H10.0083' stroke='currentColor' stroke-width='1.5' stroke-linecap='round' stroke-linejoin='round' \/><\/svg>\t\t<\/span>\n\t\t<span class=\"srfm-error-content\">Beim Absenden Ihres Formulars ist ein Fehler aufgetreten. Bitte versuchen Sie es erneut.<\/span><\/p>\n\t\t\t\t\t<\/form>\n\t\t\t<div class=\"srfm-single-form srfm-success-box in-page\">\n\t\t\t\t<div aria-live=\"polite\" aria-atomic=\"true\" role=\"alert\" id=\"srfm-success-message-page-771\" class=\"srfm-success-box-description\"><\/div>\n\t\t\t<\/div>\n\t\t\t\t\t\t<\/div>\n\t\t\n","protected":false},"excerpt":{"rendered":"<p>Creator, Biohacker, Blogger &amp; Athleten \u2013 Bringen wir echte Wissenschaft in deine Community! Deine Leidenschaft ist intensiver Sport, ganzheitliche Gesundheit, Beauty &amp; Beauty from within oder das zukunftsweisende Thema Longevity? Du setzt auf fundierte Wissenschaft statt auf leere Marketing-Versprechen? Dann passen wir perfekt zusammen! Wir bei NucleoViva revolutionieren die nutritive Zellversorgung \u2013 mit bioaktiven Nukleotiden [&hellip;]<\/p>\n","protected":false},"author":2,"featured_media":0,"parent":0,"menu_order":0,"comment_status":"closed","ping_status":"closed","template":"","meta":{"_uag_custom_page_level_css":"","footnotes":""},"class_list":["post-741","page","type-page","status-publish","hentry"],"blocksy_meta":{"has_hero_section":"disabled","styles_descriptor":{"styles":{"desktop":"","tablet":"","mobile":""},"google_fonts":[],"version":6},"disable_share_box":"yes"},"uagb_featured_image_src":{"full":false,"thumbnail":false,"medium":false,"medium_large":false,"large":false,"1536x1536":false,"2048x2048":false,"woocommerce_archive_thumbnail":false,"woocommerce_thumbnail":false,"woocommerce_single":false,"woocommerce_gallery_thumbnail":false},"uagb_author_info":{"display_name":"NucleoViva Redaktion","author_link":"https:\/\/nucleoviva.com\/de\/author\/nvcom_redaktion\/"},"uagb_comment_info":0,"uagb_excerpt":"Creator, Biohacker, Blogger &amp; Athleten \u2013 Bringen wir echte Wissenschaft in deine Community! Deine Leidenschaft ist intensiver Sport, ganzheitliche Gesundheit, Beauty &amp; Beauty from within oder das zukunftsweisende Thema Longevity? Du setzt auf fundierte Wissenschaft statt auf leere Marketing-Versprechen? Dann passen wir perfekt zusammen! Wir bei NucleoViva revolutionieren die nutritive Zellversorgung \u2013 mit bioaktiven Nukleotiden&hellip;","_links":{"self":[{"href":"https:\/\/nucleoviva.com\/de\/wp-json\/wp\/v2\/pages\/741","targetHints":{"allow":["GET"]}}],"collection":[{"href":"https:\/\/nucleoviva.com\/de\/wp-json\/wp\/v2\/pages"}],"about":[{"href":"https:\/\/nucleoviva.com\/de\/wp-json\/wp\/v2\/types\/page"}],"author":[{"embeddable":true,"href":"https:\/\/nucleoviva.com\/de\/wp-json\/wp\/v2\/users\/2"}],"replies":[{"embeddable":true,"href":"https:\/\/nucleoviva.com\/de\/wp-json\/wp\/v2\/comments?post=741"}],"version-history":[{"count":8,"href":"https:\/\/nucleoviva.com\/de\/wp-json\/wp\/v2\/pages\/741\/revisions"}],"predecessor-version":[{"id":779,"href":"https:\/\/nucleoviva.com\/de\/wp-json\/wp\/v2\/pages\/741\/revisions\/779"}],"wp:attachment":[{"href":"https:\/\/nucleoviva.com\/de\/wp-json\/wp\/v2\/media?parent=741"}],"curies":[{"name":"wp","href":"https:\/\/api.w.org\/{rel}","templated":true}]}}