{"id":67,"date":"2026-03-29T16:25:26","date_gmt":"2026-03-29T14:25:26","guid":{"rendered":"https:\/\/nucleoviva.com\/?page_id=67"},"modified":"2026-04-08T23:09:40","modified_gmt":"2026-04-08T21:09:40","slug":"experten","status":"publish","type":"page","link":"https:\/\/nucleoviva.com\/de\/experten\/","title":{"rendered":"Experten Fragen"},"content":{"rendered":"\n<p>Unser Experten-Team steht Dir sehr gerne zur Verf\u00fcgung und freut sich darauf dich fachkundig beraten zu k\u00f6nnen. Bei der heutigen Produktvielfalt ist es nicht immer einfach den \u00dcberblick zu behalten und schon gar nicht die geeigneten Produkte zu finden.<\/p>\n\n\n\n<p>Unsere Experten werden ihr Bestes geben, Deine Fragen innerhalb von 24 Stunden (werktags) zu beantworten. Es gibt Zeiten, in welchen wir viele Fragen erhalten und somit kann es auch vorkommen, dass es bis zu 48 Stunden dauern kann, bis unser Experten-Team Deine Fragen beantworten kann.<\/p>\n\n\n\t\t\t<div class=\"srfm-form-container srfm-form-container-70 srfm-bg-color\">\n\t\t\t<style>\n\t\t\t\t\/* Need to check and remove the input variables related to the Style Tab. *\/\n\t\t\t\t.srfm-form-container-70 {\n\t\t\t\t\t\/* New test variables *\/\n\t\t\t\t\t--srfm-color-scheme-primary: var(--theme-palette-color-1, #007f5f);\n\t\t\t\t\t--srfm-color-scheme-text-on-primary: #FFFFFF;\n\t\t\t\t\t--srfm-color-scheme-text: #1E1E1E;\n\t\t\t\t\t--srfm-quill-editor-color: var(--theme-palette-color-1, #007f5f);\n\n\t\t\t\t\t--srfm-color-input-label: #1E1E1E;\n\t\t\t\t\t--srfm-color-input-description: hsl( from #1E1E1E h s l \/ 0.65 );\n\t\t\t\t\t--srfm-color-input-placeholder: hsl( from #1E1E1E h s l \/ 0.5 );\n\t\t\t\t\t--srfm-color-input-text: #1E1E1E;\n\t\t\t\t\t--srfm-color-input-prefix: hsl( from #1E1E1E h s l \/ 0.65 );\n\t\t\t\t\t--srfm-color-input-background: hsl( from #1E1E1E h s l \/ 0.02 );\n\t\t\t\t\t--srfm-color-input-background-hover: hsl( from #1E1E1E h s l \/ 0.05 );\n\t\t\t\t\t--srfm-color-input-background-disabled: hsl( from #1E1E1E h s l \/ 0.07 );\n\t\t\t\t\t--srfm-color-input-border: hsl( from #1E1E1E h s l \/ 0.25 );\n\t\t\t\t\t--srfm-color-input-border-disabled: hsl( from #1E1E1E h s l \/ 0.15 );\n\t\t\t\t\t--srfm-color-multi-choice-svg: hsl( from #1E1E1E h s l \/ 0.7 );\n\t\t\t\t\t--srfm-color-input-border-hover: hsl( from var(--theme-palette-color-1, #007f5f) h s l \/ 0.65 );\n\t\t\t\t\t--srfm-color-input-border-focus-glow: hsl( from var(--theme-palette-color-1, #007f5f) h s l \/ 0.15 );\n\t\t\t\t\t--srfm-color-input-selected: hsl( from var(--theme-palette-color-1, #007f5f) h s l \/ 0.1 );\n\t\t\t\t\t--srfm-btn-color-hover: hsl( from var(--theme-palette-color-1, #007f5f) h s l \/ 0.9 );\n\t\t\t\t\t--srfm-btn-color-disabled: hsl( from var(--theme-palette-color-1, #007f5f) h s l \/ 0.25 );\n\n\t\t\t\t\t\/* Dropdown Variables *\/\n\t\t\t\t\t--srfm-dropdown-input-background-hover: hsl( from #1E1E1E h s l \/ 0.05 );\n\t\t\t\t\t--srfm-dropdown-option-background-hover: hsl( from #1E1E1E h s l \/ 0.10 );\n\t\t\t\t\t--srfm-dropdown-option-background-selected: hsl( from #1E1E1E h s l \/ 0.05 );\n\t\t\t\t\t--srfm-dropdown-option-selected-icon: hsl( from #1E1E1E h s l \/ 0.65 );\n\t\t\t\t\t--srfm-dropdown-option-text-color: hsl( from #1E1E1E h s l \/ 0.80 );\n\t\t\t\t\t--srfm-dropdown-option-selected-text: #1E1E1E;\n\t\t\t\t\t--srfm-dropdown-badge-background: hsl( from #1E1E1E h s l \/ 0.05 );\n\t\t\t\t\t--srfm-dropdown-badge-background-hover: hsl( from #1E1E1E h s l \/ 0.10 );\n\t\t\t\t\t--srfm-dropdown-menu-border-color: hsl( from #1E1E1E h s l \/ 0.10 );\n\t\t\t\t\t--srfm-dropdown-placeholder-color: hsl( from #1E1E1E h s l \/ 0.50 );\n\t\t\t\t\t--srfm-dropdown-icon-color: hsl( from #1E1E1E h s l \/ 0.65 );\n\t\t\t\t\t--srfm-dropdown-icon-disabled: hsl( from #1E1E1E h s l \/ 0.25 );\n\n\t\t\t\t\t\/* Background Control Variables *\/\n\t\t\t\t\t--srfm-instant-form-padding-top: 32px;--srfm-instant-form-padding-right: 32px;--srfm-instant-form-padding-bottom: 32px;--srfm-instant-form-padding-left: 32px;--srfm-instant-form-border-radius-top: 12px;--srfm-instant-form-border-radius-right: 12px;--srfm-instant-form-border-radius-bottom: 12px;--srfm-instant-form-border-radius-left: 12px;--srfm-form-padding-top: 0px;--srfm-form-padding-right: 0px;--srfm-form-padding-bottom: 0px;--srfm-form-padding-left: 0px;--srfm-form-border-radius-top: 0px;--srfm-form-border-radius-right: 0px;--srfm-form-border-radius-bottom: 0px;--srfm-form-border-radius-left: 0px;--srfm-bg-color: #ffffff;--srfm-bg-overlay-opacity: 1;\t\t\t\t\t--srfm-row-gap-between-blocks: 18px;--srfm-address-label-font-size: 16px;--srfm-address-label-line-height: 24px;--srfm-address-description-font-size: 14px;--srfm-address-description-line-height: 20px;--srfm-col-gap-between-fields: 16px;--srfm-row-gap-between-fields: 16px;--srfm-gap-below-address-label: 14px;--srfm-dropdown-font-size: 14px;--srfm-dropdown-gap-between-input-menu: 4px;--srfm-dropdown-badge-padding: 2px 6px;--srfm-dropdown-multiselect-font-size: 12px;--srfm-dropdown-multiselect-line-height: 16px;--srfm-dropdown-padding-right: 12px;--srfm-dropdown-padding-right-icon: calc( var( --srfm-dropdown-padding-right ) + 20px );--srfm-dropdown-multiselect-padding: 8px var( --srfm-dropdown-padding-right-icon ) 8px 8px;--srfm-input-height: 44px;--srfm-input-field-padding: 10px 12px;--srfm-input-field-font-size: 16px;--srfm-input-field-line-height: 24px;--srfm-input-field-margin-top: 6px;--srfm-input-field-margin-bottom: 6px;--srfm-checkbox-label-font-size: 16px;--srfm-checkbox-label-line-height: 24px;--srfm-checkbox-description-font-size: 14px;--srfm-checkbox-description-line-height: 20px;--srfm-check-ctn-width: 16px;--srfm-check-ctn-height: 16px;--srfm-check-svg-size: 10px;--srfm-checkbox-margin-top-frontend: 4px;--srfm-checkbox-margin-top-editor: 6px;--srfm-check-gap: 8px;--srfm-checkbox-description-margin-left: 24px;--srfm-flag-section-padding: 10px 0 10px 12px;--srfm-gap-between-icon-text: 8px;--srfm-label-font-size: 16px;--srfm-label-line-height: 24px;--srfm-description-font-size: 14px;--srfm-description-line-height: 20px;--srfm-btn-padding: 10px 14px;--srfm-btn-font-size: 16px;--srfm-btn-line-height: 24px;--srfm-multi-choice-horizontal-padding: 20px;--srfm-multi-choice-vertical-padding: 20px;--srfm-multi-choice-internal-option-gap: 8px;--srfm-multi-choice-vertical-svg-size: 40px;--srfm-multi-choice-horizontal-image-size: 24px;--srfm-multi-choice-vertical-image-size: 120px;--srfm-multi-choice-outer-padding: 2px;--srfm-upload-vertical-padding: 28px;--srfm-upload-inner-gap: 12px;--srfm-upload-text-line-height: 24px;--srfm-upload-file-margin-top: 16px;--srfm-upload-preview-size: 42px;--srfm-slider-label-font-size: 12px;--srfm-slider-label-line-height: 16px;--srfm-slider-label-top-padding: 8px;--srfm-slider-error-gap: 6px;--srfm-page-break-row-gap: 28px;--srfm-rating-icon-size: 28px;--srfm-rating-icon-gap: 6px;--srfm-datepicker-dropdown-input-gap: 4px;--srfm-login-row-gap: 14px;--srfm-signature-canvas-height: 140px;--srfm-signature-button-bottom: 14px;\t\t--srfm-page-break-back-btn-text-color: hsl( from #1E1E1E h s l \/ 0.80 );\n\t\t--srfm-page-break-back-btn-background: hsl( from #1E1E1E h s l \/ 0.05 );\n\t\t--srfm-page-break-unfilled-progress: hsl( from #1E1E1E h s l \/ 0.15 );\n\t\t--srfm-page-break-indicator-text-color: hsl( from #1E1E1E h s l \/ 0.50 );\n\t\t--srfm-page-break-connector-checked: hsl( from #1E1E1E h s l \/ 0.15 );\n\t\t--srfm-page-break-connector-pending: hsl( from #1E1E1E h s l \/ 0.25 );\n\t\t--srfm-page-break-connector-active: hsl( from var(--theme-palette-color-1, #007f5f) h s l \/ 0.50 );\n\t\t--srfm-page-break-steps-unfilled: hsl( from #1E1E1E h s l \/ 0.50 );\n\t\t--srfm-page-break-steps-filled: hsl( from #1E1E1E h s l \/ 0.25 );\n\t\t--srfm-page-break-steps-progress: hsl( from #1E1E1E h s l \/ 0.15 );\n\t\t--srfm-page-break-steps-pending-text-color: hsl( from #1E1E1E h s l \/ 0.80 );\n\t\t--srfm-password-strength-weak: #DC2626;--srfm-password-strength-weak-border-glow: hsl( from var(--srfm-password-strength-weak) h s l \/ 0.15 );--srfm-password-strength-weak-border-color: hsl( from var(--srfm-password-strength-weak) h s l \/ 0.65 );--srfm-password-strength-medium: #D97706;--srfm-password-strength-medium-border-glow: hsl( from var(--srfm-password-strength-medium) h s l \/ 0.15 );--srfm-password-strength-medium-border-color: hsl( from var(--srfm-password-strength-medium) h s l \/ 0.65 );--srfm-password-strength-strong: #16A34A;--srfm-password-strength-strong-border-glow: hsl( from var(--srfm-password-strength-strong) h s l \/ 0.15 );--srfm-password-strength-strong-border-color: hsl( from var(--srfm-password-strength-strong) h s l \/ 0.65 );\t\t\t\t}\n\t\t\t<\/style>\n\t\t\t\t\t\t\t<form method=\"post\" enctype=\"multipart\/form-data\" id=\"srfm-form-70\" class=\"srfm-form \"\n\t\t\t\tform-id=\"70\" after-submission=\"hide form\" message-type=\"same page\" success-url=\"\" ajaxurl=\"https:\/\/nucleoviva.com\/wp-admin\/admin-ajax.php\" data-submit-token=\"96b36d77cc68d2ceef43b3369056f209d45d5abe3e253d26da86b497e5db83b2\"\n\t\t\t\t>\n\t\t\t\t\n\t\t\t\t<input type=\"hidden\" value=\"70\" name=\"form-id\">\n\t\t\t\t<input type=\"hidden\" value=\"\" name=\"srfm-sender-email-field\" id=\"srfm-sender-email\">\n\t\t\t\t<input type=\"hidden\" value=\"\" id=\"srfm-page-break\">\n\t\t\t\t\t\t<p id=\"srfm-error-message\" class=\"srfm-common-error-message srfm-error-message srfm-head-error\" hidden>\t\t<span class=\"srfm-icon\" aria-hidden=\"true\">\n\t\t\t<svg xmlns='http:\/\/www.w3.org\/2000\/svg' width='20' height='20' fill='none'><path d='M9.99935 18.3327C14.6017 18.3327 18.3327 14.6017 18.3327 9.99935C18.3327 5.39698 14.6017 1.66602 9.99935 1.66602C5.39698 1.66602 1.66602 5.39698 1.66602 9.99935C1.66602 14.6017 5.39698 18.3327 9.99935 18.3327Z' stroke='currentColor' stroke-width='1.5' stroke-linecap='round' stroke-linejoin='round' \/><path d='M10 6.66602V9.99935' stroke='currentColor' stroke-width='1.5' stroke-linecap='round' stroke-linejoin='round' \/><path d='M10 13.334H10.0083' stroke='currentColor' stroke-width='1.5' stroke-linecap='round' stroke-linejoin='round' \/><\/svg>\t\t<\/span>\n\t\t<span class=\"srfm-error-content\">Beim Absenden Ihres Formulars ist ein Fehler aufgetreten. Bitte versuchen Sie es erneut.<\/span><\/p>\n\t\t\t\t\t<div data-block-id=\"1d7d4c5c\" class=\"srfm-block-single srfm-block srfm-input-block srf-input-1d7d4c5c-block  srfm-block-width-100 srfm-slug-text-field\" >\n\t\t\t\t\t\t\t\t<label id=\"srfm-label-1d7d4c5c-lbl-RGVpbiBOYW1l\" for=\"srfm-input-1d7d4c5c-lbl-RGVpbiBOYW1l\" class=\"srfm-block-label\">\n\t\t\t\t\t\tDein Name\t\t\t\t\t\t\t\t\t\t\t\t\t<span class=\"srfm-required\" aria-hidden=\"true\"> *<\/span>\n\t\t\t\t\t\t\t\t\t\t\t<\/label>\n\t\t\t\t\t\t\t\t\t\t\t\t<div class=\"srfm-block-wrap\">\n\t\t\t\t<input class=\"srfm-input-common srfm-input-input\" type=\"text\" name=\"srfm-input-1d7d4c5c-lbl-RGVpbiBOYW1l-text-field\" id=\"srfm-input-1d7d4c5c-lbl-RGVpbiBOYW1l\"\n\t\t\t\t\taria-describedby='srfm-error-1d7d4c5c'\t\t\t\t\tdata-required=\"true\" aria-required=\"true\" data-unique=\"false\" maxlength=\"100\" value=\"\"  placeholder=\"Gib dein Name ein\"  data-srfm-mask=\"none\"   \/>\n\t\t\t\t<\/div>\n\t\t\t\t<div class=\"srfm-error-wrap\">\n\t\t\t\t\t\t\t\t\t\t<div class=\"srfm-error-message\" data-srfm-id=\"srfm-error-1d7d4c5c\" data-error-msg=\"Dieses Feld ist erforderlich.\" data-unique-msg=\"Der Wert muss einzigartig sein.\">\n\t\t\t\t\t\tDieses Feld ist erforderlich.\t\t\t\t\t<\/div>\n\t\t\t\t\t\t\t\t\t<\/div>\n\t\t\t<\/div>\n\t\t\n\n\t\t\t<div data-block-id=\"5268aff9\" class=\"srfm-block-single srfm-block srfm-email-block srf-email-5268aff9-block  srfm-block-width-100 srfm-slug-email srfm-email-block-wrap\">\n\t\t\t\t<div class=\"srfm-email-block srf-email-5268aff9-block\">\n\t\t\t\t\t\t\t\t\t\t<label id=\"srfm-label-5268aff9-lbl-RGVpbmUgRS1NYWlsIEFkcmVzc2U\" for=\"srfm-email-5268aff9-lbl-RGVpbmUgRS1NYWlsIEFkcmVzc2U\" class=\"srfm-block-label\">\n\t\t\t\t\t\tDeine E-Mail Adresse\t\t\t\t\t\t\t\t\t\t\t\t\t<span class=\"srfm-required\" aria-hidden=\"true\"> *<\/span>\n\t\t\t\t\t\t\t\t\t\t\t<\/label>\n\t\t\t\t\t\t\t\t\t\t\t\t\t\t\t<div class=\"srfm-block-wrap\">\n\t\t\t\t\t\t<input class=\"srfm-input-common srfm-input-email\" type=\"email\" name=\"srfm-email-5268aff9-lbl-RGVpbmUgRS1NYWlsIEFkcmVzc2U-email\" id=\"srfm-email-5268aff9-lbl-RGVpbmUgRS1NYWlsIEFkcmVzc2U\"\n\t\t\t\t\t\taria-describedby='srfm-error-5268aff9'\t\t\t\t\t\tdata-required=\"true\" aria-required=\"true\" data-unique=\"false\" value=\"\"  placeholder=\"Gib deine E-Mail Adresse ein\"   \/>\n\t\t\t\t\t<\/div>\n\t\t\t\t\t<div class=\"srfm-error-wrap\">\n\t\t\t\t\t\t\t\t\t\t\t<div class=\"srfm-error-message\" data-srfm-id=\"srfm-error-5268aff9\" data-error-msg=\"Dieses Feld ist erforderlich.\" data-unique-msg=\"Der Wert muss einzigartig sein.\">\n\t\t\t\t\t\tDieses Feld ist erforderlich.\t\t\t\t\t<\/div>\n\t\t\t\t\t\t\t\t\t\t<\/div>\n\t\t\t\t<\/div>\n\t\t\t\t\t\t\t<\/div>\n\t\t\n\n\t\t<div data-block-id=\"9b853852\" class=\"srfm-block-single srfm-block srfm-textarea-block srf-textarea-9b853852-block  srfm-block-width-100\">\n\t\t\t\t\t\t\t\t<label id=\"srfm-label-9b853852-lbl-RGVpbmUgRnJhZ2U-9094\" for=\"srfm-textarea-9b853852-lbl-RGVpbmUgRnJhZ2U-9094\" class=\"srfm-block-label\">\n\t\t\t\t\t\tDeine Frage\t\t\t\t\t\t\t\t\t\t\t\t\t<span class=\"srfm-required\" aria-hidden=\"true\"> *<\/span>\n\t\t\t\t\t\t\t\t\t\t\t<\/label>\n\t\t\t\t\t\t\t\t\t\t\t<div class=\"srfm-block-wrap\">\n\t\t\t\t<textarea\n\t\t\t\t\tclass=\"srfm-input-common srfm-input-textarea\"\n\t\t\t\t\tname=\"srfm-textarea-9b853852-lbl-RGVpbmUgRnJhZ2U-textarea\"\n\t\t\t\t\tid=\"srfm-textarea-9b853852-lbl-RGVpbmUgRnJhZ2U-9094\"\n\t\t\t\t\taria-describedby='srfm-error-9b853852'\t\t\t\t\tdata-required=\"true\" aria-required=\"true\"  rows=\"4\"   placeholder=\"Gib Deine Frage an das Experten-Team ein\" \t\t\t\t\t\t\t\t\t\t\t\t\t\t\t><\/textarea>\n\t\t\t\t\t\t\t<\/div>\n\t\t\t<div class=\"srfm-error-wrap\">\n\t\t\t\t\t\t\t\t\t<div class=\"srfm-error-message\" data-srfm-id=\"srfm-error-9b853852\" data-error-msg=\"Dieses Feld ist erforderlich.\">\n\t\t\t\t\t\tDieses Feld ist erforderlich.\t\t\t\t\t<\/div>\n\t\t\t\t\t\t\t\t<\/div>\n\t\t<\/div>\n\n\t\t\t\t\t\t\t\t\t\t\t\t\t<div class=\"srfm-captcha-container \">\n\n\t\t\t\t\t\t\t\t\t<!-- The callback methods below are available on frontend.js. onTurnstileError displays and error in place of recaptcha dialog.  -->\n\t\t<div id=\"srfm-cf-sitekey\" class=\"cf-turnstile\" data-callback=\"onSuccess\" data-error-callback=\"onTurnstileError\" data-theme=\"auto\" data-sitekey=\"0x4AAAAAABtPY0Pfdcv8smTe\"><\/div>\n\t\t\t\t\t\t\t\t\t<div class=\"srfm-validation-error\" id=\"captcha-error\" style=\"display: none;\">Bitte best\u00e4tigen Sie, dass Sie kein Roboter sind.<\/div>\n\t\t\t\t\t<\/div>\n\t\t\t\t\t\n\t\t\t\t\t\n\t\t\t\t\t<div class=\"srfm-submit-container \" style=\"\">\n\t\t\t\t\t\t<div style=\"width: ; text-align: left\" class=\"wp-block-button\">\n\t\t\t\t\t\t\t\t\t\t\t\t\t\t\t\t\t\t\t<button style=\"\" id=\"srfm-submit-btn\" class=\"srfm-btn-frontend srfm-button srfm-submit-button\"\n\t\t\t\t\t\t\t\t\t\t\t\t\t\t>\n\t\t\t\t\t\t\t\t<div class=\"srfm-submit-wrap\">\n\t\t\t\t\t\t\t\t\tFrage senden\t\t\t\t\t\t\t\t<div class=\"srfm-loader\"><\/div>\n\t\t\t\t\t\t\t\t<\/div>\n\t\t\t\t\t\t\t<\/button>\n\t\t\t\t\t\t\t\t\t\t\t\t\t\t\t\t\t\t<\/div>\n\t\t\t\t\t<\/div>\n\t\t\t\t\t\t\t<p id=\"srfm-error-message\" class=\"srfm-common-error-message srfm-error-message srfm-footer-error\" hidden>\t\t<span class=\"srfm-icon\" aria-hidden=\"true\">\n\t\t\t<svg xmlns='http:\/\/www.w3.org\/2000\/svg' width='20' height='20' fill='none'><path d='M9.99935 18.3327C14.6017 18.3327 18.3327 14.6017 18.3327 9.99935C18.3327 5.39698 14.6017 1.66602 9.99935 1.66602C5.39698 1.66602 1.66602 5.39698 1.66602 9.99935C1.66602 14.6017 5.39698 18.3327 9.99935 18.3327Z' stroke='currentColor' stroke-width='1.5' stroke-linecap='round' stroke-linejoin='round' \/><path d='M10 6.66602V9.99935' stroke='currentColor' stroke-width='1.5' stroke-linecap='round' stroke-linejoin='round' \/><path d='M10 13.334H10.0083' stroke='currentColor' stroke-width='1.5' stroke-linecap='round' stroke-linejoin='round' \/><\/svg>\t\t<\/span>\n\t\t<span class=\"srfm-error-content\">Beim Absenden Ihres Formulars ist ein Fehler aufgetreten. Bitte versuchen Sie es erneut.<\/span><\/p>\n\t\t\t\t\t<\/form>\n\t\t\t<div class=\"srfm-single-form srfm-success-box in-page\">\n\t\t\t\t<div aria-live=\"polite\" aria-atomic=\"true\" role=\"alert\" id=\"srfm-success-message-page-70\" class=\"srfm-success-box-description\"><\/div>\n\t\t\t<\/div>\n\t\t\t\t\t\t<\/div>\n\t\t\n\n\n\n<p><\/p>\n","protected":false},"excerpt":{"rendered":"<p>Unser Experten-Team steht Dir sehr gerne zur Verf\u00fcgung und freut sich darauf dich fachkundig beraten zu k\u00f6nnen. Bei der heutigen Produktvielfalt ist es nicht immer einfach den \u00dcberblick zu behalten und schon gar nicht die geeigneten Produkte zu finden. Unsere Experten werden ihr Bestes geben, Deine Fragen innerhalb von 24 Stunden (werktags) zu beantworten. Es [&hellip;]<\/p>\n","protected":false},"author":2,"featured_media":0,"parent":0,"menu_order":0,"comment_status":"closed","ping_status":"closed","template":"","meta":{"_uag_custom_page_level_css":"","footnotes":""},"class_list":["post-67","page","type-page","status-publish","hentry"],"blocksy_meta":[],"uagb_featured_image_src":{"full":false,"thumbnail":false,"medium":false,"medium_large":false,"large":false,"1536x1536":false,"2048x2048":false,"woocommerce_archive_thumbnail":false,"woocommerce_thumbnail":false,"woocommerce_single":false,"woocommerce_gallery_thumbnail":false},"uagb_author_info":{"display_name":"NucleoViva Redaktion","author_link":"https:\/\/nucleoviva.com\/de\/author\/nvcom_redaktion\/"},"uagb_comment_info":0,"uagb_excerpt":"Unser Experten-Team steht Dir sehr gerne zur Verf\u00fcgung und freut sich darauf dich fachkundig beraten zu k\u00f6nnen. Bei der heutigen Produktvielfalt ist es nicht immer einfach den \u00dcberblick zu behalten und schon gar nicht die geeigneten Produkte zu finden. Unsere Experten werden ihr Bestes geben, Deine Fragen innerhalb von 24 Stunden (werktags) zu beantworten. Es&hellip;","_links":{"self":[{"href":"https:\/\/nucleoviva.com\/de\/wp-json\/wp\/v2\/pages\/67","targetHints":{"allow":["GET"]}}],"collection":[{"href":"https:\/\/nucleoviva.com\/de\/wp-json\/wp\/v2\/pages"}],"about":[{"href":"https:\/\/nucleoviva.com\/de\/wp-json\/wp\/v2\/types\/page"}],"author":[{"embeddable":true,"href":"https:\/\/nucleoviva.com\/de\/wp-json\/wp\/v2\/users\/2"}],"replies":[{"embeddable":true,"href":"https:\/\/nucleoviva.com\/de\/wp-json\/wp\/v2\/comments?post=67"}],"version-history":[{"count":2,"href":"https:\/\/nucleoviva.com\/de\/wp-json\/wp\/v2\/pages\/67\/revisions"}],"predecessor-version":[{"id":71,"href":"https:\/\/nucleoviva.com\/de\/wp-json\/wp\/v2\/pages\/67\/revisions\/71"}],"wp:attachment":[{"href":"https:\/\/nucleoviva.com\/de\/wp-json\/wp\/v2\/media?parent=67"}],"curies":[{"name":"wp","href":"https:\/\/api.w.org\/{rel}","templated":true}]}}