{"id":25,"date":"2026-03-28T11:49:46","date_gmt":"2026-03-28T10:49:46","guid":{"rendered":"https:\/\/nucleoviva.com\/impressum\/"},"modified":"2026-04-18T18:24:57","modified_gmt":"2026-04-18T16:24:57","slug":"impressum","status":"publish","type":"page","link":"https:\/\/nucleoviva.com\/de\/impressum\/","title":{"rendered":"Impressum"},"content":{"rendered":"\n<p>FIRSTSWISSVENTURES AG<br>Buchmattstrasse 4a<br>CH-3400 Burgdorf<br>Schweiz<br>Tel.: +41 41 511 02 70<\/p>\n\n\n\n<p>FIRSTSWISSVENTURES AG<br>Nibelungenstrasse 19<br>AT-6845 Hohenems<br>\u00d6sterreich<br>Tel.: +43 720 51 30 12<\/p>\n\n\n\n<p>E-Mail: hello(at)nucleoviva.com<\/p>\n\n\n\n<p>Registergericht: Handelsregisteramt des Kantons Bern<br>Umsatzsteuer-Identifikationsnummer gem\u00e4ss \u00a7 27 a Umsatzsteuergesetz<br>Schweiz: CHE-299.614.152 MWST<br>AT: ATU77069501<br>DE: DE332807306<\/p>\n\n\n\n<p>Gesch\u00e4ftsf\u00fchrer: Daniel Waser<\/p>\n\n\n\n<h3 class=\"wp-block-heading\">Alternative Streitbeilegung gem\u00e4ss Art. 14 Abs. 1 ODR-VO und \u00a7 36 VSBG:<\/h3>\n\n\n\n<p>Die Europ\u00e4ische Kommission stellt eine Plattform zur Online-Streitbeilegung (OS) bereit, die du unter&nbsp;<a href=\"https:\/\/ec.europa.eu\/consumers\/odr\" target=\"_blank\" rel=\"noreferrer noopener\">https:\/\/ec.europa.eu\/consumers\/odr<\/a>&nbsp;findest. Zur Teilnahme an einem Streitbeilegungsverfahren vor einer Verbraucherschlichtungsstelle sind wir nicht verpflichtet und nicht bereit.<\/p>\n\n\n\n<p><\/p>\n","protected":false},"excerpt":{"rendered":"<p>FIRSTSWISSVENTURES AGBuchmattstrasse 4aCH-3400 BurgdorfSchweizTel.: +41 41 511 02 70 FIRSTSWISSVENTURES AGNibelungenstrasse 19AT-6845 Hohenems\u00d6sterreichTel.: +43 720 51 30 12 E-Mail: hello(at)nucleoviva.com Registergericht: Handelsregisteramt des Kantons BernUmsatzsteuer-Identifikationsnummer gem\u00e4ss \u00a7 27 a UmsatzsteuergesetzSchweiz: CHE-299.614.152 MWSTAT: ATU77069501DE: DE332807306 Gesch\u00e4ftsf\u00fchrer: Daniel Waser Alternative Streitbeilegung gem\u00e4ss Art. 14 Abs. 1 ODR-VO und \u00a7 36 VSBG: Die Europ\u00e4ische Kommission stellt eine Plattform [&hellip;]<\/p>\n","protected":false},"author":2,"featured_media":0,"parent":0,"menu_order":0,"comment_status":"closed","ping_status":"closed","template":"","meta":{"_uag_custom_page_level_css":"","footnotes":""},"class_list":["post-25","page","type-page","status-publish","hentry"],"blocksy_meta":{"disable_share_box":"yes","styles_descriptor":{"styles":{"desktop":"","tablet":"","mobile":""},"google_fonts":[],"version":6}},"uagb_featured_image_src":{"full":false,"thumbnail":false,"medium":false,"medium_large":false,"large":false,"1536x1536":false,"2048x2048":false,"woocommerce_archive_thumbnail":false,"woocommerce_thumbnail":false,"woocommerce_single":false,"woocommerce_gallery_thumbnail":false},"uagb_author_info":{"display_name":"NucleoViva Redaktion","author_link":"https:\/\/nucleoviva.com\/de\/author\/nvcom_redaktion\/"},"uagb_comment_info":0,"uagb_excerpt":"FIRSTSWISSVENTURES AGBuchmattstrasse 4aCH-3400 BurgdorfSchweizTel.: +41 41 511 02 70 FIRSTSWISSVENTURES AGNibelungenstrasse 19AT-6845 Hohenems\u00d6sterreichTel.: +43 720 51 30 12 E-Mail: hello(at)nucleoviva.com Registergericht: Handelsregisteramt des Kantons BernUmsatzsteuer-Identifikationsnummer gem\u00e4ss \u00a7 27 a UmsatzsteuergesetzSchweiz: CHE-299.614.152 MWSTAT: ATU77069501DE: DE332807306 Gesch\u00e4ftsf\u00fchrer: Daniel Waser Alternative Streitbeilegung gem\u00e4ss Art. 14 Abs. 1 ODR-VO und \u00a7 36 VSBG: Die Europ\u00e4ische Kommission stellt eine Plattform&hellip;","_links":{"self":[{"href":"https:\/\/nucleoviva.com\/de\/wp-json\/wp\/v2\/pages\/25","targetHints":{"allow":["GET"]}}],"collection":[{"href":"https:\/\/nucleoviva.com\/de\/wp-json\/wp\/v2\/pages"}],"about":[{"href":"https:\/\/nucleoviva.com\/de\/wp-json\/wp\/v2\/types\/page"}],"author":[{"embeddable":true,"href":"https:\/\/nucleoviva.com\/de\/wp-json\/wp\/v2\/users\/2"}],"replies":[{"embeddable":true,"href":"https:\/\/nucleoviva.com\/de\/wp-json\/wp\/v2\/comments?post=25"}],"version-history":[{"count":5,"href":"https:\/\/nucleoviva.com\/de\/wp-json\/wp\/v2\/pages\/25\/revisions"}],"predecessor-version":[{"id":52,"href":"https:\/\/nucleoviva.com\/de\/wp-json\/wp\/v2\/pages\/25\/revisions\/52"}],"wp:attachment":[{"href":"https:\/\/nucleoviva.com\/de\/wp-json\/wp\/v2\/media?parent=25"}],"curies":[{"name":"wp","href":"https:\/\/api.w.org\/{rel}","templated":true}]}}